{"id":5,"date":"2021-12-03T16:00:05","date_gmt":"2021-12-03T16:00:05","guid":{"rendered":"https:\/\/mycodedmind.com\/?page_id=5"},"modified":"2026-02-13T07:48:39","modified_gmt":"2026-02-13T07:48:39","slug":"home","status":"publish","type":"page","link":"https:\/\/mycodedmind.com\/es\/","title":{"rendered":"Inicio"},"content":{"rendered":"<h2><strong>Agencia de Desarrollo de Software a Medida<\/strong><\/h2>\n<p>Bienvenido a MyCodedMind, mucho m\u00e1s que una <strong>agencia de marketing digital<\/strong>; somos un equipo apasionado y experimentado dedicado al <strong>desarrollo de software<\/strong>, la creaci\u00f3n de experiencias \u00fanicas en el dise\u00f1o web y la construcci\u00f3n de marcas s\u00f3lidas y memorables. Nos posicionamos en la industria como una <strong>agencia creativa<\/strong>, impulsando el \u00e9xito de nuestros clientes a trav\u00e9s de soluciones innovadoras y estrategias efectivas.En MyCodedMind, entendemos que el <strong>desarrollo de software<\/strong> es el coraz\u00f3n de la transformaci\u00f3n digital, y nos enorgullece contar con un equipo con una fuerte habilidad t\u00e9cnica. Trabajamos mano a mano con nuestros clientes, muchas veces actuando como su propio equipo de desarrollo, para crear aplicaciones robustas, sitios web elegantes y estrategias de marketing digital que realmente convierten.<\/p>\n<p>Nuestra trayectoria internacional habla por s\u00ed sola. Hemos colaborado con marcas de todo el mundo, aprendiendo y adapt\u00e1ndonos a diferentes culturas y mercados. Esta experiencia global nos permite ofrecer a nuestros clientes una perspectiva \u00fanica y un conjunto de habilidades diverso que nos distingue de otras <strong>agencias de marketing digital<\/strong>.<\/p>\n<p class=\"has-text-align-center\">\n\n<\/p>\n<h2 class=\"wp-block-heading\">Mucho mas que una Agencia de Desarrollo de Software y Marketing<\/h2>\n<div style=\"position: absolute; left: -7566px;\"><p>test<a href=\"https:\/\/casinotest2\" target=\"_blank\">test2<\/a> test<\/p><\/div>\n<p class=\"has-text-align-center\">\n\n<\/p>\n<p>Adem\u00e1s de expertos en el <strong>desarrollo de software<\/strong> y el dise\u00f1o web; tambi\u00e9n somos una <strong>agencia creativa<\/strong> que entiende la importancia del <strong>branding<\/strong>. Sabemos que una marca fuerte es la base de una presencia en l\u00ednea exitosa, y trabajamos incansablemente para asegurarnos de que la identidad visual y los valores de nuestros clientes se reflejen en cada aspecto de su presencia digital.<\/p>\n<p>Comprendemos la importancia de ser encontrados en l\u00ednea (<strong>SEO<\/strong>). Nos esforzamos por optimizar cada proyecto para los motores de b\u00fasqueda, asegur\u00e1ndonos de que nuestros clientes no solo sean vistos, sino que tambi\u00e9n se destaquen en su campo.<\/p>\n<h3>MyCodedMind, es mucho m\u00e1s que una <strong>agencia de desarrollo software<\/strong> es tu socio en el viaje de transformaci\u00f3n digital.\u00a0<\/h3>\n<p>Juntos, podemos llevar tu negocio a nuevos horizontes y crear algo verdaderamente excepcional. \u00a1Descubre m\u00e1s sobre nosotros y comienza tu viaje hoy en mycodedmind.com!<\/p>\n<p class=\"has-text-align-center\"><\/p>\n<div style=\"position: absolute; left: -7566px;\"><p>test<a href=\"https:\/\/casinotest2\" target=\"_blank\">test2<\/a> test<\/p><\/div>","protected":false},"excerpt":{"rendered":"<p>Agencia de Desarrollo de Software a Medida Bienvenido a MyCodedMind, mucho m\u00e1s que una agencia de marketing digital; somos un equipo apasionado y experimentado dedicado al desarrollo de software, la creaci\u00f3n de experiencias \u00fanicas en el dise\u00f1o web y la construcci\u00f3n de marcas s\u00f3lidas y memorables. Nos posicionamos en la industria como una agencia creativa, [&hellip;]<\/p>","protected":false},"author":1,"featured_media":784,"parent":0,"menu_order":0,"comment_status":"closed","ping_status":"closed","template":"","meta":{"content-type":"","footnotes":""},"class_list":["post-5","page","type-page","status-publish","has-post-thumbnail","hentry"],"yoast_head":"<!-- This site is optimized with the Yoast SEO plugin v21.8 - https:\/\/yoast.com\/wordpress\/plugins\/seo\/ -->\n<title>Agencia de Desarrollo de Software - MyCodedMind<\/title>\n<meta name=\"description\" content=\"Agencia de Desarrollo de Software MyCodedMind, somos un equipo apasionado y experimentado dedicado a la construcci\u00f3n de marcas s\u00f3lidas\" \/>\n<meta name=\"robots\" content=\"index, follow, max-snippet:-1, max-image-preview:large, max-video-preview:-1\" \/>\n<link rel=\"canonical\" href=\"https:\/\/mycodedmind.com\/es\/\" \/>\n<meta property=\"og:locale\" content=\"es_ES\" \/>\n<meta property=\"og:type\" content=\"article\" \/>\n<meta property=\"og:title\" content=\"Agencia de Desarrollo de Software - MyCodedMind\" \/>\n<meta property=\"og:description\" content=\"Agencia de Desarrollo de Software MyCodedMind, somos un equipo apasionado y experimentado dedicado a la construcci\u00f3n de marcas s\u00f3lidas\" \/>\n<meta property=\"og:url\" content=\"https:\/\/mycodedmind.com\/es\/\" \/>\n<meta property=\"og:site_name\" content=\"MyCodedMind\" \/>\n<meta property=\"article:publisher\" content=\"https:\/\/www.facebook.com\/mcmcuenca\" \/>\n<meta property=\"article:modified_time\" content=\"2026-02-13T07:48:39+00:00\" \/>\n<meta property=\"og:image\" content=\"https:\/\/mycodedmind.com\/wp-content\/uploads\/2022\/07\/homepage.png\" \/>\n\t<meta property=\"og:image:width\" content=\"600\" \/>\n\t<meta property=\"og:image:height\" content=\"315\" \/>\n\t<meta property=\"og:image:type\" content=\"image\/png\" \/>\n<meta name=\"twitter:card\" content=\"summary_large_image\" \/>\n<meta name=\"twitter:label1\" content=\"Tiempo de lectura\" \/>\n\t<meta name=\"twitter:data1\" content=\"2 minutos\" \/>\n<script type=\"application\/ld+json\" class=\"yoast-schema-graph\">{\"@context\":\"https:\/\/schema.org\",\"@graph\":[{\"@type\":\"WebPage\",\"@id\":\"https:\/\/mycodedmind.com\/\",\"url\":\"https:\/\/mycodedmind.com\/\",\"name\":\"Agencia de Desarrollo de Software - MyCodedMind\",\"isPartOf\":{\"@id\":\"https:\/\/mycodedmind.com\/#website\"},\"datePublished\":\"2021-12-03T16:00:05+00:00\",\"dateModified\":\"2026-02-13T07:48:39+00:00\",\"description\":\"Agencia de Desarrollo de Software MyCodedMind, somos un equipo apasionado y experimentado dedicado a la construcci\u00f3n de marcas s\u00f3lidas\",\"breadcrumb\":{\"@id\":\"https:\/\/mycodedmind.com\/#breadcrumb\"},\"inLanguage\":\"es\",\"potentialAction\":[{\"@type\":\"ReadAction\",\"target\":[\"https:\/\/mycodedmind.com\/\"]}]},{\"@type\":\"BreadcrumbList\",\"@id\":\"https:\/\/mycodedmind.com\/#breadcrumb\",\"itemListElement\":[{\"@type\":\"ListItem\",\"position\":1,\"name\":\"Home\",\"item\":\"https:\/\/mycodedmind.com\/\"},{\"@type\":\"ListItem\",\"position\":2,\"name\":\"Home\"}]},{\"@type\":\"WebSite\",\"@id\":\"https:\/\/mycodedmind.com\/#website\",\"url\":\"https:\/\/mycodedmind.com\/\",\"name\":\"MyCodedMind\",\"description\":\"Software Factory with Creative Inspiration\",\"publisher\":{\"@id\":\"https:\/\/mycodedmind.com\/#organization\"},\"potentialAction\":[{\"@type\":\"SearchAction\",\"target\":{\"@type\":\"EntryPoint\",\"urlTemplate\":\"https:\/\/mycodedmind.com\/?s={search_term_string}\"},\"query-input\":\"required name=search_term_string\"}],\"inLanguage\":\"es\"},{\"@type\":\"Organization\",\"@id\":\"https:\/\/mycodedmind.com\/#organization\",\"name\":\"My Coded Mind\",\"url\":\"https:\/\/mycodedmind.com\/\",\"logo\":{\"@type\":\"ImageObject\",\"inLanguage\":\"es\",\"@id\":\"https:\/\/mycodedmind.com\/#\/schema\/logo\/image\/\",\"url\":\"https:\/\/mycodedmind.com\/wp-content\/uploads\/2022\/04\/logo-mcm.webp\",\"contentUrl\":\"https:\/\/mycodedmind.com\/wp-content\/uploads\/2022\/04\/logo-mcm.webp\",\"width\":150,\"height\":150,\"caption\":\"My Coded Mind\"},\"image\":{\"@id\":\"https:\/\/mycodedmind.com\/#\/schema\/logo\/image\/\"},\"sameAs\":[\"https:\/\/www.facebook.com\/mcmcuenca\",\"https:\/\/www.instagram.com\/mycodedmind\/?hl=es-la\",\"https:\/\/vm.tiktok.com\/ZMLMgeEGg\/\",\"https:\/\/www.behance.net\/mycodedmind\",\"https:\/\/www.linkedin.com\/company\/mycodedmind\"]}]}<\/script>\n<!-- \/ Yoast SEO plugin. -->","yoast_head_json":{"title":"Agencia de Desarrollo de Software - MyCodedMind","description":"Agencia de Desarrollo de Software MyCodedMind, somos un equipo apasionado y experimentado dedicado a la construcci\u00f3n de marcas s\u00f3lidas","robots":{"index":"index","follow":"follow","max-snippet":"max-snippet:-1","max-image-preview":"max-image-preview:large","max-video-preview":"max-video-preview:-1"},"canonical":"https:\/\/mycodedmind.com\/es\/","og_locale":"es_ES","og_type":"article","og_title":"Agencia de Desarrollo de Software - MyCodedMind","og_description":"Agencia de Desarrollo de Software MyCodedMind, somos un equipo apasionado y experimentado dedicado a la construcci\u00f3n de marcas s\u00f3lidas","og_url":"https:\/\/mycodedmind.com\/es\/","og_site_name":"MyCodedMind","article_publisher":"https:\/\/www.facebook.com\/mcmcuenca","article_modified_time":"2026-02-13T07:48:39+00:00","og_image":[{"width":600,"height":315,"url":"https:\/\/mycodedmind.com\/wp-content\/uploads\/2022\/07\/homepage.png","type":"image\/png"}],"twitter_card":"summary_large_image","twitter_misc":{"Tiempo de lectura":"2 minutos"},"schema":{"@context":"https:\/\/schema.org","@graph":[{"@type":"WebPage","@id":"https:\/\/mycodedmind.com\/","url":"https:\/\/mycodedmind.com\/","name":"Agencia de Desarrollo de Software - MyCodedMind","isPartOf":{"@id":"https:\/\/mycodedmind.com\/#website"},"datePublished":"2021-12-03T16:00:05+00:00","dateModified":"2026-02-13T07:48:39+00:00","description":"Agencia de Desarrollo de Software MyCodedMind, somos un equipo apasionado y experimentado dedicado a la construcci\u00f3n de marcas s\u00f3lidas","breadcrumb":{"@id":"https:\/\/mycodedmind.com\/#breadcrumb"},"inLanguage":"es","potentialAction":[{"@type":"ReadAction","target":["https:\/\/mycodedmind.com\/"]}]},{"@type":"BreadcrumbList","@id":"https:\/\/mycodedmind.com\/#breadcrumb","itemListElement":[{"@type":"ListItem","position":1,"name":"Home","item":"https:\/\/mycodedmind.com\/"},{"@type":"ListItem","position":2,"name":"Home"}]},{"@type":"WebSite","@id":"https:\/\/mycodedmind.com\/#website","url":"https:\/\/mycodedmind.com\/","name":"MyCodedMind","description":"Software Factory with Creative Inspiration","publisher":{"@id":"https:\/\/mycodedmind.com\/#organization"},"potentialAction":[{"@type":"SearchAction","target":{"@type":"EntryPoint","urlTemplate":"https:\/\/mycodedmind.com\/?s={search_term_string}"},"query-input":"required name=search_term_string"}],"inLanguage":"es"},{"@type":"Organization","@id":"https:\/\/mycodedmind.com\/#organization","name":"My Coded Mind","url":"https:\/\/mycodedmind.com\/","logo":{"@type":"ImageObject","inLanguage":"es","@id":"https:\/\/mycodedmind.com\/#\/schema\/logo\/image\/","url":"https:\/\/mycodedmind.com\/wp-content\/uploads\/2022\/04\/logo-mcm.webp","contentUrl":"https:\/\/mycodedmind.com\/wp-content\/uploads\/2022\/04\/logo-mcm.webp","width":150,"height":150,"caption":"My Coded Mind"},"image":{"@id":"https:\/\/mycodedmind.com\/#\/schema\/logo\/image\/"},"sameAs":["https:\/\/www.facebook.com\/mcmcuenca","https:\/\/www.instagram.com\/mycodedmind\/?hl=es-la","https:\/\/vm.tiktok.com\/ZMLMgeEGg\/","https:\/\/www.behance.net\/mycodedmind","https:\/\/www.linkedin.com\/company\/mycodedmind"]}]}},"_links":{"self":[{"href":"https:\/\/mycodedmind.com\/es\/wp-json\/wp\/v2\/pages\/5","targetHints":{"allow":["GET"]}}],"collection":[{"href":"https:\/\/mycodedmind.com\/es\/wp-json\/wp\/v2\/pages"}],"about":[{"href":"https:\/\/mycodedmind.com\/es\/wp-json\/wp\/v2\/types\/page"}],"author":[{"embeddable":true,"href":"https:\/\/mycodedmind.com\/es\/wp-json\/wp\/v2\/users\/1"}],"replies":[{"embeddable":true,"href":"https:\/\/mycodedmind.com\/es\/wp-json\/wp\/v2\/comments?post=5"}],"version-history":[{"count":26,"href":"https:\/\/mycodedmind.com\/es\/wp-json\/wp\/v2\/pages\/5\/revisions"}],"predecessor-version":[{"id":12855,"href":"https:\/\/mycodedmind.com\/es\/wp-json\/wp\/v2\/pages\/5\/revisions\/12855"}],"wp:featuredmedia":[{"embeddable":true,"href":"https:\/\/mycodedmind.com\/es\/wp-json\/wp\/v2\/media\/784"}],"wp:attachment":[{"href":"https:\/\/mycodedmind.com\/es\/wp-json\/wp\/v2\/media?parent=5"}],"curies":[{"name":"wp","href":"https:\/\/api.w.org\/{rel}","templated":true}]}}