{"id":502,"date":"2022-01-05T22:25:05","date_gmt":"2022-01-05T22:25:05","guid":{"rendered":"http:\/\/localhost\/mycodedmind-web\/?page_id=13"},"modified":"2023-01-04T22:24:34","modified_gmt":"2023-01-04T22:24:34","slug":"services","status":"publish","type":"page","link":"https:\/\/mycodedmind.com\/es\/services\/","title":{"rendered":"Nuestros Servicios"},"content":{"rendered":"<p>Nuestro equipo t\u00e9cnico profesional cubre diversas \u00e1reas de especializaci\u00f3n y habilidades, lo que nos permite ofrecer una amplia gama de soluciones y desarrollo de productos digitales en web, m\u00f3vil o en la nube.<\/p>\n\n\n\n<div style=\"height:32px\" aria-hidden=\"true\" class=\"wp-block-spacer\"><\/div>\n\n\n\n<p>Apostamos por metodolog\u00edas 100% \u00e1giles para brindar experiencias de software r\u00e1pidas, optimizando el proceso de dise\u00f1o y desarrollo, ayud\u00e1ndote a ahorrar dinero y tiempo.<\/p>\n\n\n\n<div style=\"height:32px\" aria-hidden=\"true\" class=\"wp-block-spacer\"><\/div>\n\n\n\n<div class=\"wp-block-buttons is-layout-flex wp-block-buttons-is-layout-flex\">\n<div class=\"wp-block-button is-style-outline btn-outline-light is-style-outline--1\"><a class=\"wp-block-button__link wp-element-button\" href=\"https:\/\/mycodedmind.com\/es\/contact\/\" style=\"border-radius:10px\">Let&#8217;s Talk <i class=\"fas fa-arrow-right color-secondary ml-2\"><\/i><\/a><\/div>\n<\/div>\n\n\n\n<div class=\"wp-block-group\"><div class=\"wp-block-group__inner-container is-layout-flow wp-block-group-is-layout-flow\">\n<div style=\"height:48px\" aria-hidden=\"true\" class=\"wp-block-spacer\"><\/div>\n\n\n\n<h2 class=\"subtitle-services\">Desarrollo de Software a medida<\/h2>\n\n\n\n<div style=\"height:32px\" aria-hidden=\"true\" class=\"wp-block-spacer\"><\/div>\n\n\n\n<p>El equipo de desarrollo de software en MyCodedMind est\u00e1 listo y abierto para analizar las necesidades y requerimientos, brind\u00e1ndole las soluciones m\u00e1s adecuadas, creando, optimizando y actualizando sus aplicaciones.<\/p>\n\n\n\n<div style=\"height:32px\" aria-hidden=\"true\" class=\"wp-block-spacer\"><\/div>\n\n\n\n<p>Durante nuestra trayectoria hemos ayudado a empresas, start ups y emprendedores de todo el mundo a dar vida a grandes ideas de productos digitales.<\/p>\n\n\n\n<div style=\"height:32px\" aria-hidden=\"true\" class=\"wp-block-spacer\"><\/div>\n\n\n\n<div class=\"wp-block-columns is-layout-flex wp-container-core-columns-is-layout-9d6595d7 wp-block-columns-is-layout-flex\">\n<div class=\"wp-block-column col-services is-layout-flow wp-block-column-is-layout-flow\" style=\"flex-basis:50%\">\n<div class=\"wp-block-columns is-layout-flex wp-container-core-columns-is-layout-9d6595d7 wp-block-columns-is-layout-flex\">\n<div class=\"wp-block-column is-layout-flow wp-block-column-is-layout-flow\">\n<a href=\"https:\/\/mycodedmind.com\/es\/services\/service-app-development\/\">\n    <div class=\"element-service\">\n        <div class=\"image-circle-card\">\n            <img decoding=\"async\" class=\"card-img-top\" src=\"https:\/\/mycodedmind.com\/\/wp-content\/uploads\/2022\/03\/app-development.webp\" alt=\"Card image cap\">\n        <\/div>\n        <div class=\"card\">\n            <h3>Desarrollo de apps<\/h3>\n            <div class=\"content-icon-go-services\">\n                <span class=\"text-icon-go-services\">Explore<\/span>\n                <div class=\"d-flex justify-content-center icon-go-services\">\n                    <i class=\"fas fa-arrow-right\"><\/i>\n                <\/div>\n            <\/div>\n        <\/div>\n    <\/div>\n<\/a>\n<\/div>\n\n\n\n<div class=\"wp-block-column is-layout-flow wp-block-column-is-layout-flow\">\n<a href=\"https:\/\/mycodedmind.com\/es\/services\/service-web-development\/\">\n    <div class=\"element-service\">\n        <div class=\"image-circle-card\">\n            <img decoding=\"async\" class=\"card-img-top\" src=\"https:\/\/mycodedmind.com\/\/wp-content\/uploads\/2022\/03\/web-development.webp\" alt=\"Card image cap\">\n        <\/div>\n        <div class=\"card\">\n            <h3>Desarrollo Web<\/h3>\n            <div class=\"content-icon-go-services\">\n                <span class=\"text-icon-go-services\">Explore<\/span>\n                <div class=\"d-flex justify-content-center icon-go-services\">\n                    <i class=\"fas fa-arrow-right\"><\/i>\n                <\/div>\n            <\/div>\n        <\/div>\n    <\/div>\n<\/a>\n<\/div>\n<\/div>\n<\/div>\n<\/div>\n<\/div><\/div>\n\n\n\n<div class=\"wp-block-group\"><div class=\"wp-block-group__inner-container is-layout-flow wp-block-group-is-layout-flow\">\n<div style=\"height:48px\" aria-hidden=\"true\" class=\"wp-block-spacer\"><\/div>\n\n\n\n<h2 class=\"subtitle-services\">Dise\u00f1o de producto<\/h2>\n\n\n\n<div style=\"height:32px\" aria-hidden=\"true\" class=\"wp-block-spacer\"><\/div>\n\n\n\n<p>Creamos experiencias digitales notables. Nuestros productos y servicios digitales pasan por un cuidadoso proceso de dise\u00f1o centrado en el usuario. Dise\u00f1amos productos hermosos y amigables que sus usuarios seguramente disfrutar\u00e1n.<\/p>\n\n\n\n<div style=\"height:32px\" aria-hidden=\"true\" class=\"wp-block-spacer\"><\/div>\n\n\n\n<div class=\"wp-block-columns is-layout-flex wp-container-core-columns-is-layout-9d6595d7 wp-block-columns-is-layout-flex\">\n<div class=\"wp-block-column col-services is-layout-flow wp-block-column-is-layout-flow\" style=\"flex-basis:50%\">\n<div class=\"wp-block-columns is-layout-flex wp-container-core-columns-is-layout-9d6595d7 wp-block-columns-is-layout-flex\">\n<div class=\"wp-block-column is-layout-flow wp-block-column-is-layout-flow\">\n<a href=\"https:\/\/mycodedmind.com\/es\/services\/service-uxui-design\/\">\n    <div class=\"element-service\">\n        <div class=\"image-circle-card\">\n            <img decoding=\"async\" class=\"card-img-top\" src=\"https:\/\/mycodedmind.com\/\/wp-content\/uploads\/2022\/03\/ux-iu-design.webp\" alt=\"Card image cap\">\n        <\/div>\n        <div class=\"card\">\n            <h3>Dise\u00f1o UX\/UI<\/h3>\n            <div class=\"content-icon-go-services\">\n                <span class=\"text-icon-go-services\">Explore<\/span>\n                <div class=\"d-flex justify-content-center icon-go-services\">\n                    <i class=\"fas fa-arrow-right\"><\/i>\n                <\/div>\n            <\/div>\n        <\/div>\n    <\/div>\n<\/a>\n<\/div>\n\n\n\n<div class=\"wp-block-column is-layout-flow wp-block-column-is-layout-flow\">\n<a href=\"https:\/\/mycodedmind.com\/es\/services\/service-software-prototyping\/\">\n    <div class=\"element-service\">\n        <div class=\"image-circle-card\">\n            <img decoding=\"async\" class=\"card-img-top\" src=\"https:\/\/mycodedmind.com\/wp-content\/uploads\/2022\/03\/software-prototiping.webp\" alt=\"Card image cap\">\n        <\/div>\n        <div class=\"card\">\n            <h3>Prototipado de software<\/h3>\n            <div class=\"content-icon-go-services\">\n                <span class=\"text-icon-go-services\">Explore<\/span>\n                <div class=\"d-flex justify-content-center icon-go-services\">\n                    <i class=\"fas fa-arrow-right\"><\/i>\n                <\/div>\n            <\/div>\n        <\/div>\n    <\/div>\n<\/a>\n<\/div>\n<\/div>\n<\/div>\n<\/div>\n<\/div><\/div>\n\n\n\n<div class=\"wp-block-group\"><div class=\"wp-block-group__inner-container is-layout-flow wp-block-group-is-layout-flow\">\n<div style=\"height:48px\" aria-hidden=\"true\" class=\"wp-block-spacer\"><\/div>\n\n\n\n<h2 class=\"subtitle-services\">Servicios creativos<\/h2>\n\n\n\n<div style=\"height:32px\" aria-hidden=\"true\" class=\"wp-block-spacer\"><\/div>\n\n\n\n<p>Nuestro equipo creativo est\u00e1 listo para potenciar su marca. Somos expertos en dise\u00f1o visual, dise\u00f1o de identidad corporativa y estrategias de comunicaci\u00f3n efectiva.<\/p>\n\n\n\n<div style=\"height:32px\" aria-hidden=\"true\" class=\"wp-block-spacer\"><\/div>\n\n\n\n<div class=\"wp-block-columns is-layout-flex wp-container-core-columns-is-layout-9d6595d7 wp-block-columns-is-layout-flex\">\n<div class=\"wp-block-column col-services is-layout-flow wp-block-column-is-layout-flow\" style=\"flex-basis:50%\">\n<div class=\"wp-block-columns is-layout-flex wp-container-core-columns-is-layout-9d6595d7 wp-block-columns-is-layout-flex\">\n<div class=\"wp-block-column is-layout-flow wp-block-column-is-layout-flow\" style=\"flex-basis:100%\">\n<div class=\"wp-block-columns is-layout-flex wp-container-core-columns-is-layout-9d6595d7 wp-block-columns-is-layout-flex\">\n<div class=\"wp-block-column is-layout-flow wp-block-column-is-layout-flow\">\n<a href=\"https:\/\/mycodedmind.com\/es\/services\/service-branding\/\">\n    <div class=\"element-service\">\n        <div class=\"image-circle-card\">\n            <img decoding=\"async\" class=\"card-img-top\" src=\"https:\/\/mycodedmind.com\/wp-content\/uploads\/2022\/03\/service-branding.webp\" alt=\"Card image cap\">\n        <\/div>\n        <div class=\"card\">\n            <h3>Branding<\/h3>\n            <div class=\"content-icon-go-services\">\n                <span class=\"text-icon-go-services\">Explore<\/span>\n                <div class=\"d-flex justify-content-center icon-go-services\">\n                    <i class=\"fas fa-arrow-right\"><\/i>\n                <\/div>\n            <\/div>\n        <\/div>\n    <\/div>\n<\/a>\n<\/div>\n\n\n\n<div class=\"wp-block-column is-layout-flow wp-block-column-is-layout-flow\">\n<a href=\"https:\/\/mycodedmind.com\/es\/services\/service-communication-strategies\/\">\n    <div class=\"element-service\">\n        <div class=\"image-circle-card\">\n            <img decoding=\"async\" class=\"card-img-top\" src=\"https:\/\/mycodedmind.com\/wp-content\/uploads\/2022\/03\/service-communication-strategies.webp\" alt=\"Card Communication strategies\">\n        <\/div>\n        <div class=\"card\">\n            <h3>Estrategia Comunicacional<\/h3>\n            <div class=\"content-icon-go-services\">\n                <span class=\"text-icon-go-services\">Explore<\/span>\n                <div class=\"d-flex justify-content-center icon-go-services\">\n                    <i class=\"fas fa-arrow-right\"><\/i>\n                <\/div>\n            <\/div>\n        <\/div>\n    <\/div>\n<\/a>\n<\/div>\n<\/div>\n<\/div>\n<\/div>\n<\/div>\n<\/div>\n<\/div><\/div>","protected":false},"excerpt":{"rendered":"<p>Our professional tech team covers diverse areas of expertise and abilities which allows us to offer a wide range of solutions and digital products development in web, mobile or cloud. We bet on methodologies 100% agile to provide fast software experiences, optimizing design process and development, helping you save money and time. Custom Software Development [&hellip;]<\/p>","protected":false},"author":1,"featured_media":787,"parent":0,"menu_order":0,"comment_status":"closed","ping_status":"closed","template":"","meta":{"content-type":"","footnotes":""},"class_list":["post-502","page","type-page","status-publish","has-post-thumbnail","hentry"],"yoast_head":"<!-- This site is optimized with the Yoast SEO plugin v21.8 - https:\/\/yoast.com\/wordpress\/plugins\/seo\/ -->\n<title>Our Services - MyCodedMind<\/title>\n<meta name=\"robots\" content=\"index, follow, max-snippet:-1, max-image-preview:large, max-video-preview:-1\" \/>\n<link rel=\"canonical\" href=\"https:\/\/mycodedmind.com\/es\/services\/\" \/>\n<meta property=\"og:locale\" content=\"es_ES\" \/>\n<meta property=\"og:type\" content=\"article\" \/>\n<meta property=\"og:title\" content=\"Our Services - MyCodedMind\" \/>\n<meta property=\"og:description\" content=\"Our professional tech team covers diverse areas of expertise and abilities which allows us to offer a wide range of solutions and digital products development in web, mobile or cloud. We bet on methodologies 100% agile to provide fast software experiences, optimizing design process and development, helping you save money and time. Custom Software Development [&hellip;]\" \/>\n<meta property=\"og:url\" content=\"https:\/\/mycodedmind.com\/es\/services\/\" \/>\n<meta property=\"og:site_name\" content=\"MyCodedMind\" \/>\n<meta property=\"article:publisher\" content=\"https:\/\/www.facebook.com\/mcmcuenca\" \/>\n<meta property=\"article:modified_time\" content=\"2023-01-04T22:24:34+00:00\" \/>\n<meta property=\"og:image\" content=\"https:\/\/mycodedmind.com\/\/wp-content\/uploads\/2022\/03\/app-development.webp\" \/>\n<meta name=\"twitter:card\" content=\"summary_large_image\" \/>\n<meta name=\"twitter:label1\" content=\"Tiempo de lectura\" \/>\n\t<meta name=\"twitter:data1\" content=\"1 minuto\" \/>\n<script type=\"application\/ld+json\" class=\"yoast-schema-graph\">{\"@context\":\"https:\/\/schema.org\",\"@graph\":[{\"@type\":\"WebPage\",\"@id\":\"https:\/\/mycodedmind.com\/services\/\",\"url\":\"https:\/\/mycodedmind.com\/services\/\",\"name\":\"Our Services - MyCodedMind\",\"isPartOf\":{\"@id\":\"https:\/\/mycodedmind.com\/#website\"},\"datePublished\":\"2022-01-05T22:25:05+00:00\",\"dateModified\":\"2023-01-04T22:24:34+00:00\",\"breadcrumb\":{\"@id\":\"https:\/\/mycodedmind.com\/services\/#breadcrumb\"},\"inLanguage\":\"es\",\"potentialAction\":[{\"@type\":\"ReadAction\",\"target\":[\"https:\/\/mycodedmind.com\/services\/\"]}]},{\"@type\":\"BreadcrumbList\",\"@id\":\"https:\/\/mycodedmind.com\/services\/#breadcrumb\",\"itemListElement\":[{\"@type\":\"ListItem\",\"position\":1,\"name\":\"Home\",\"item\":\"https:\/\/mycodedmind.com\/\"},{\"@type\":\"ListItem\",\"position\":2,\"name\":\"Our Services\"}]},{\"@type\":\"WebSite\",\"@id\":\"https:\/\/mycodedmind.com\/#website\",\"url\":\"https:\/\/mycodedmind.com\/\",\"name\":\"MyCodedMind\",\"description\":\"Software Factory with Creative Inspiration\",\"publisher\":{\"@id\":\"https:\/\/mycodedmind.com\/#organization\"},\"potentialAction\":[{\"@type\":\"SearchAction\",\"target\":{\"@type\":\"EntryPoint\",\"urlTemplate\":\"https:\/\/mycodedmind.com\/?s={search_term_string}\"},\"query-input\":\"required name=search_term_string\"}],\"inLanguage\":\"es\"},{\"@type\":\"Organization\",\"@id\":\"https:\/\/mycodedmind.com\/#organization\",\"name\":\"My Coded Mind\",\"url\":\"https:\/\/mycodedmind.com\/\",\"logo\":{\"@type\":\"ImageObject\",\"inLanguage\":\"es\",\"@id\":\"https:\/\/mycodedmind.com\/#\/schema\/logo\/image\/\",\"url\":\"https:\/\/mycodedmind.com\/wp-content\/uploads\/2022\/04\/logo-mcm.webp\",\"contentUrl\":\"https:\/\/mycodedmind.com\/wp-content\/uploads\/2022\/04\/logo-mcm.webp\",\"width\":150,\"height\":150,\"caption\":\"My Coded Mind\"},\"image\":{\"@id\":\"https:\/\/mycodedmind.com\/#\/schema\/logo\/image\/\"},\"sameAs\":[\"https:\/\/www.facebook.com\/mcmcuenca\",\"https:\/\/www.instagram.com\/mycodedmind\/?hl=es-la\",\"https:\/\/vm.tiktok.com\/ZMLMgeEGg\/\",\"https:\/\/www.behance.net\/mycodedmind\",\"https:\/\/www.linkedin.com\/company\/mycodedmind\"]}]}<\/script>\n<!-- \/ Yoast SEO plugin. -->","yoast_head_json":{"title":"Our Services - MyCodedMind","robots":{"index":"index","follow":"follow","max-snippet":"max-snippet:-1","max-image-preview":"max-image-preview:large","max-video-preview":"max-video-preview:-1"},"canonical":"https:\/\/mycodedmind.com\/es\/services\/","og_locale":"es_ES","og_type":"article","og_title":"Our Services - MyCodedMind","og_description":"Our professional tech team covers diverse areas of expertise and abilities which allows us to offer a wide range of solutions and digital products development in web, mobile or cloud. We bet on methodologies 100% agile to provide fast software experiences, optimizing design process and development, helping you save money and time. Custom Software Development [&hellip;]","og_url":"https:\/\/mycodedmind.com\/es\/services\/","og_site_name":"MyCodedMind","article_publisher":"https:\/\/www.facebook.com\/mcmcuenca","article_modified_time":"2023-01-04T22:24:34+00:00","og_image":[{"url":"https:\/\/mycodedmind.com\/\/wp-content\/uploads\/2022\/03\/app-development.webp"}],"twitter_card":"summary_large_image","twitter_misc":{"Tiempo de lectura":"1 minuto"},"schema":{"@context":"https:\/\/schema.org","@graph":[{"@type":"WebPage","@id":"https:\/\/mycodedmind.com\/services\/","url":"https:\/\/mycodedmind.com\/services\/","name":"Our Services - MyCodedMind","isPartOf":{"@id":"https:\/\/mycodedmind.com\/#website"},"datePublished":"2022-01-05T22:25:05+00:00","dateModified":"2023-01-04T22:24:34+00:00","breadcrumb":{"@id":"https:\/\/mycodedmind.com\/services\/#breadcrumb"},"inLanguage":"es","potentialAction":[{"@type":"ReadAction","target":["https:\/\/mycodedmind.com\/services\/"]}]},{"@type":"BreadcrumbList","@id":"https:\/\/mycodedmind.com\/services\/#breadcrumb","itemListElement":[{"@type":"ListItem","position":1,"name":"Home","item":"https:\/\/mycodedmind.com\/"},{"@type":"ListItem","position":2,"name":"Our Services"}]},{"@type":"WebSite","@id":"https:\/\/mycodedmind.com\/#website","url":"https:\/\/mycodedmind.com\/","name":"MyCodedMind","description":"Software Factory with Creative Inspiration","publisher":{"@id":"https:\/\/mycodedmind.com\/#organization"},"potentialAction":[{"@type":"SearchAction","target":{"@type":"EntryPoint","urlTemplate":"https:\/\/mycodedmind.com\/?s={search_term_string}"},"query-input":"required name=search_term_string"}],"inLanguage":"es"},{"@type":"Organization","@id":"https:\/\/mycodedmind.com\/#organization","name":"My Coded Mind","url":"https:\/\/mycodedmind.com\/","logo":{"@type":"ImageObject","inLanguage":"es","@id":"https:\/\/mycodedmind.com\/#\/schema\/logo\/image\/","url":"https:\/\/mycodedmind.com\/wp-content\/uploads\/2022\/04\/logo-mcm.webp","contentUrl":"https:\/\/mycodedmind.com\/wp-content\/uploads\/2022\/04\/logo-mcm.webp","width":150,"height":150,"caption":"My Coded Mind"},"image":{"@id":"https:\/\/mycodedmind.com\/#\/schema\/logo\/image\/"},"sameAs":["https:\/\/www.facebook.com\/mcmcuenca","https:\/\/www.instagram.com\/mycodedmind\/?hl=es-la","https:\/\/vm.tiktok.com\/ZMLMgeEGg\/","https:\/\/www.behance.net\/mycodedmind","https:\/\/www.linkedin.com\/company\/mycodedmind"]}]}},"_links":{"self":[{"href":"https:\/\/mycodedmind.com\/es\/wp-json\/wp\/v2\/pages\/502","targetHints":{"allow":["GET"]}}],"collection":[{"href":"https:\/\/mycodedmind.com\/es\/wp-json\/wp\/v2\/pages"}],"about":[{"href":"https:\/\/mycodedmind.com\/es\/wp-json\/wp\/v2\/types\/page"}],"author":[{"embeddable":true,"href":"https:\/\/mycodedmind.com\/es\/wp-json\/wp\/v2\/users\/1"}],"replies":[{"embeddable":true,"href":"https:\/\/mycodedmind.com\/es\/wp-json\/wp\/v2\/comments?post=502"}],"version-history":[{"count":10,"href":"https:\/\/mycodedmind.com\/es\/wp-json\/wp\/v2\/pages\/502\/revisions"}],"predecessor-version":[{"id":996,"href":"https:\/\/mycodedmind.com\/es\/wp-json\/wp\/v2\/pages\/502\/revisions\/996"}],"wp:featuredmedia":[{"embeddable":true,"href":"https:\/\/mycodedmind.com\/es\/wp-json\/wp\/v2\/media\/787"}],"wp:attachment":[{"href":"https:\/\/mycodedmind.com\/es\/wp-json\/wp\/v2\/media?parent=502"}],"curies":[{"name":"wp","href":"https:\/\/api.w.org\/{rel}","templated":true}]}}