{"id":503,"date":"2022-03-25T17:59:27","date_gmt":"2022-03-25T17:59:27","guid":{"rendered":"http:\/\/localhost:8888\/MyCodedMind\/?page_id=387"},"modified":"2022-07-21T15:47:59","modified_gmt":"2022-07-21T15:47:59","slug":"service-app-development","status":"publish","type":"page","link":"https:\/\/mycodedmind.com\/es\/services\/service-app-development\/","title":{"rendered":"Desarrollo de apps"},"content":{"rendered":"<div class=\"wp-block-columns row-service-heading is-layout-flex wp-container-core-columns-is-layout-9d6595d7 wp-block-columns-is-layout-flex\">\n<div class=\"wp-block-column column-service-heading-img is-layout-flow wp-block-column-is-layout-flow\" style=\"flex-basis:16%\">\n<figure class=\"wp-block-image size-large\"><img decoding=\"async\" src=\"https:\/\/mycodedmind.com\/\/wp-content\/uploads\/2022\/03\/app-development.webp\" alt=\"\"\/><\/figure>\n<\/div>\n\n\n\n<div class=\"wp-block-column column-service-heading-text is-layout-flow wp-block-column-is-layout-flow\" style=\"flex-basis:84%\">\n<h1>\u00bfTienes en mente crear una nueva app?<\/h1>\n\n\n\n<div class=\"wp-block-buttons is-layout-flex wp-block-buttons-is-layout-flex\">\n<div class=\"wp-block-button is-style-outline btn-outline-light is-style-outline--1\"><a class=\"wp-block-button__link\" href=\"https:\/\/mycodedmind.com\/es\/contact\/\" style=\"border-radius:10px\">Let&#8217;s talk <i class=\"fas fa-arrow-right color-secondary ml-2\"><\/i><\/a><\/div>\n<\/div>\n<\/div>\n<\/div>\n\n\n\n<div style=\"height:32px\" aria-hidden=\"true\" class=\"wp-block-spacer\"><\/div>\n\n\n\n<p>Tenemos el talento, la experiencia y la pericia que su producto digital necesita. Nuestro proceso de desarrollo \u00e1gil con la implementaci\u00f3n tecnol\u00f3gica adecuada y los mejores protocolos garantizan el \u00e9xito de su aplicaci\u00f3n.<\/p>\n\n\n\n<div style=\"height:32px\" aria-hidden=\"true\" class=\"wp-block-spacer\"><\/div>\n\n\n\n<p>En Mycodedmind entendemos las necesidades espec\u00edficas de tu negocio. Desarrollamos software 100% adaptado a sus procesos, con el fin de lograr una adecuada simplificaci\u00f3n y automatizaci\u00f3n de tareas, lo que le permitir\u00e1 reducir gastos y aumentar sus ganancias.<\/p>\n\n\n\n<div style=\"height:48px\" aria-hidden=\"true\" class=\"wp-block-spacer\"><\/div>\n\n\n\n<div class=\"wp-block-columns are-vertically-aligned-center div-content-platforms is-layout-flex wp-container-core-columns-is-layout-9d6595d7 wp-block-columns-is-layout-flex\">\n<div class=\"wp-block-column is-vertically-aligned-center column-text-platform is-layout-flow wp-block-column-is-layout-flow\" style=\"flex-basis:70%\">\n<p>El equipo de MyCodedMind, cuenta con una amplia experiencia en el desarrollo de software a la medida Estamos en capacidad de crear aplicaciones de calidad para diversos sistemas operativos: web, IOS, Android y multiplataforma.<\/p>\n<\/div>\n\n\n\n<div class=\"wp-block-column is-vertically-aligned-center column-img-platform is-layout-flow wp-block-column-is-layout-flow\" style=\"flex-basis:30%\">\n<div class=\"wp-block-columns are-vertically-aligned-center is-layout-flex wp-container-core-columns-is-layout-9d6595d7 wp-block-columns-is-layout-flex\">\n<div class=\"wp-block-column is-vertically-aligned-center is-layout-flow wp-block-column-is-layout-flow\">\n<figure class=\"wp-block-image size-large\"><img decoding=\"async\" src=\"https:\/\/mycodedmind.com\/\/wp-content\/uploads\/2022\/03\/Apple_iOS_logo@2x.webp\" alt=\"\"\/><\/figure>\n<\/div>\n\n\n\n<div class=\"wp-block-column is-vertically-aligned-center is-layout-flow wp-block-column-is-layout-flow\">\n<figure class=\"wp-block-image size-large\"><img decoding=\"async\" src=\"https:\/\/mycodedmind.com\/\/wp-content\/uploads\/2022\/03\/android-logo.webp\" alt=\"\"\/><\/figure>\n<\/div>\n\n\n\n<div class=\"wp-block-column is-vertically-aligned-center is-layout-flow wp-block-column-is-layout-flow\">\n<figure class=\"wp-block-image size-large\"><img decoding=\"async\" src=\"https:\/\/mycodedmind.com\/\/wp-content\/uploads\/2022\/03\/iconmonstr-globe.webp\" alt=\"\"\/><\/figure>\n<\/div>\n<\/div>\n\n\n\n<p><\/p>\n<\/div>\n<\/div>\n\n\n\n<div style=\"height:48px\" aria-hidden=\"true\" class=\"wp-block-spacer\"><\/div>\n\n\n\n<h2 class=\"subtitle-services\">Te acompa\u00f1amos a trav\u00e9s de todo el proceso<\/h2>\n\n\n\n<div style=\"height:32px\" aria-hidden=\"true\" class=\"wp-block-spacer\"><\/div>\n\n\n\n<div class=\"wp-block-group div-content-proccess\"><div class=\"wp-block-group__inner-container is-layout-flow wp-block-group-is-layout-flow\">\n<div class=\"wp-block-columns is-layout-flex wp-container-core-columns-is-layout-9d6595d7 wp-block-columns-is-layout-flex\">\n<div class=\"wp-block-column is-layout-flow wp-block-column-is-layout-flow\">\n<p>An\u00e1lisis<\/p>\n\n\n\n<p>Prototipado<\/p>\n\n\n\n<p>Dise\u00f1o de producto (UX\/UI)<\/p>\n\n\n\n<p>Test de usabilidad<\/p>\n<\/div>\n\n\n\n<div class=\"wp-block-column is-layout-flow wp-block-column-is-layout-flow\">\n<p>Codificaci\u00f3n<\/p>\n\n\n\n<p>QA<\/p>\n\n\n\n<p>Despliegue<\/p>\n\n\n\n<p>Publicaci\u00f3n en tiendas<\/p>\n<\/div>\n<\/div>\n<\/div><\/div>\n\n\n\n<div style=\"height:48px\" aria-hidden=\"true\" class=\"wp-block-spacer\"><\/div>\n\n\n\n<h2 class=\"subtitle-services\">Por qu\u00e9 elegirnos<\/h2>\n\n\n\n<div style=\"height:48px\" aria-hidden=\"true\" class=\"wp-block-spacer\"><\/div>\n\n\n\n<h3 class=\"subtitle-choose\">Somos un equipo multidisciplinario<\/h3>\n\n\n\n<div style=\"height:16px\" aria-hidden=\"true\" class=\"wp-block-spacer\"><\/div>\n\n\n\n<p>Contamos con un equipo de profesionales excepcionales, expertos en diferentes \u00e1reas de producci\u00f3n de software (Backend, Font-end, administraci\u00f3n de base de datos, Product design, dise\u00f1o visual and creaci\u00f3n de contenido).<\/p>\n\n\n\n<div style=\"height:48px\" aria-hidden=\"true\" class=\"wp-block-spacer\"><\/div>\n\n\n\n<h3 class=\"subtitle-choose\">Metodolog\u00edas de desarrollo de software agile<\/h3>\n\n\n\n<div style=\"height:16px\" aria-hidden=\"true\" class=\"wp-block-spacer\"><\/div>\n\n\n\n<p>Las metodolog\u00edas de Desarrollo 100% \u00e1giles no permiten entregar:<\/p>\n\n\n\n<div class=\"wp-block-group group-mothodologies\"><div class=\"wp-block-group__inner-container is-layout-flow wp-block-group-is-layout-flow\">\n<p>Una calidad de producto superior.<\/p>\n\n\n\n<p>Satisfacci\u00f3n en usuarios.<\/p>\n\n\n\n<p>Mejora continua.<\/p>\n\n\n\n<p>Participaci\u00f3n de los stakeholders.<\/p>\n\n\n\n<p>Transparencia.<\/p>\n\n\n\n<p>Entregas predecibles y en menor tiempo.<\/p>\n\n\n\n<p>Costos y calendarios predecibles.<\/p>\n\n\n\n<p>Enfoque en los valores del negocio.<\/p>\n<\/div><\/div>\n\n\n\n<div style=\"height:48px\" aria-hidden=\"true\" class=\"wp-block-spacer\"><\/div>\n\n\n\n<div style=\"height:48px\" aria-hidden=\"true\" class=\"wp-block-spacer\"><\/div>\n\n\n\n<h2 class=\"subtitle-services\">Nuestras tecnolog\u00edas<\/h2>\n\n\n\n<div style=\"height:48px\" aria-hidden=\"true\" class=\"wp-block-spacer\"><\/div>\n\n\n\n<div class=\"wp-block-group div-tech\"><div class=\"wp-block-group__inner-container is-layout-flow wp-block-group-is-layout-flow\">\n<div class=\"wp-block-columns row-tech is-layout-flex wp-container-core-columns-is-layout-9d6595d7 wp-block-columns-is-layout-flex\">\n<div class=\"wp-block-column is-layout-flow wp-block-column-is-layout-flow\">\n<figure class=\"wp-block-image size-large\"><img decoding=\"async\" src=\"https:\/\/mycodedmind.com\/\/wp-content\/uploads\/2022\/03\/logo-laravel.webp\" alt=\"\"\/><\/figure>\n<\/div>\n\n\n\n<div class=\"wp-block-column is-layout-flow wp-block-column-is-layout-flow\">\n<figure class=\"wp-block-image size-large\"><img decoding=\"async\" src=\"https:\/\/mycodedmind.com\/\/wp-content\/uploads\/2022\/03\/logo-vuejs.webp\" alt=\"\"\/><\/figure>\n<\/div>\n\n\n\n<div class=\"wp-block-column is-layout-flow wp-block-column-is-layout-flow\">\n<figure class=\"wp-block-image size-large\"><img decoding=\"async\" src=\"https:\/\/mycodedmind.com\/\/wp-content\/uploads\/2022\/03\/logo-angular.webp\" alt=\"\"\/><\/figure>\n<\/div>\n\n\n\n<div class=\"wp-block-column is-layout-flow wp-block-column-is-layout-flow\">\n<figure class=\"wp-block-image size-large\"><img decoding=\"async\" src=\"https:\/\/mycodedmind.com\/\/wp-content\/uploads\/2022\/03\/logo-ionic.webp\" alt=\"\"\/><\/figure>\n<\/div>\n\n\n\n<div class=\"wp-block-column is-layout-flow wp-block-column-is-layout-flow\">\n<figure class=\"wp-block-image size-large\"><img decoding=\"async\" src=\"https:\/\/mycodedmind.com\/\/wp-content\/uploads\/2022\/03\/logo-flutter.webp\" alt=\"\"\/><\/figure>\n<\/div>\n\n\n\n<div class=\"wp-block-column is-layout-flow wp-block-column-is-layout-flow\">\n<figure class=\"wp-block-image size-large\"><img decoding=\"async\" src=\"https:\/\/mycodedmind.com\/\/wp-content\/uploads\/2022\/03\/logo-expressjs.webp\" alt=\"\"\/><\/figure>\n<\/div>\n<\/div>\n\n\n\n<div class=\"wp-block-columns row-tech is-layout-flex wp-container-core-columns-is-layout-9d6595d7 wp-block-columns-is-layout-flex\">\n<div class=\"wp-block-column is-layout-flow wp-block-column-is-layout-flow\">\n<figure class=\"wp-block-image size-large\"><img decoding=\"async\" src=\"https:\/\/mycodedmind.com\/\/wp-content\/uploads\/2022\/03\/logo-react.webp\" alt=\"\"\/><\/figure>\n<\/div>\n\n\n\n<div class=\"wp-block-column is-layout-flow wp-block-column-is-layout-flow\">\n<figure class=\"wp-block-image size-large\"><img decoding=\"async\" src=\"https:\/\/mycodedmind.com\/\/wp-content\/uploads\/2022\/03\/logo-axios.webp\" alt=\"\"\/><\/figure>\n<\/div>\n\n\n\n<div class=\"wp-block-column is-layout-flow wp-block-column-is-layout-flow\">\n<figure class=\"wp-block-image size-large\"><img decoding=\"async\" src=\"https:\/\/mycodedmind.com\/\/wp-content\/uploads\/2022\/03\/logo-capacitor.webp\" alt=\"\"\/><\/figure>\n<\/div>\n\n\n\n<div class=\"wp-block-column is-layout-flow wp-block-column-is-layout-flow\">\n<figure class=\"wp-block-image size-large\"><img decoding=\"async\" src=\"https:\/\/mycodedmind.com\/\/wp-content\/uploads\/2022\/03\/logo-mysql.webp\" alt=\"\"\/><\/figure>\n<\/div>\n\n\n\n<div class=\"wp-block-column is-layout-flow wp-block-column-is-layout-flow\">\n<figure class=\"wp-block-image size-large\"><img decoding=\"async\" src=\"https:\/\/mycodedmind.com\/\/wp-content\/uploads\/2022\/03\/logo-postgesql.webp\" alt=\"\"\/><\/figure>\n<\/div>\n\n\n\n<div class=\"wp-block-column is-layout-flow wp-block-column-is-layout-flow\">\n<figure class=\"wp-block-image size-large\"><img decoding=\"async\" src=\"https:\/\/mycodedmind.com\/\/wp-content\/uploads\/2022\/03\/logo-firebase.webp\" alt=\"\"\/><\/figure>\n<\/div>\n<\/div>\n\n\n\n<div class=\"wp-block-columns row-tech is-layout-flex wp-container-core-columns-is-layout-9d6595d7 wp-block-columns-is-layout-flex\">\n<div class=\"wp-block-column is-layout-flow wp-block-column-is-layout-flow\">\n<figure class=\"wp-block-image size-large\"><img decoding=\"async\" src=\"https:\/\/mycodedmind.com\/\/wp-content\/uploads\/2022\/03\/logo-mongoDB.webp\" alt=\"\"\/><\/figure>\n<\/div>\n\n\n\n<div class=\"wp-block-column is-layout-flow wp-block-column-is-layout-flow\">\n<figure class=\"wp-block-image size-large\"><img decoding=\"async\" src=\"https:\/\/mycodedmind.com\/\/wp-content\/uploads\/2022\/03\/logo-javascript.webp\" alt=\"\"\/><\/figure>\n<\/div>\n\n\n\n<div class=\"wp-block-column is-layout-flow wp-block-column-is-layout-flow\">\n<figure class=\"wp-block-image size-large\"><img decoding=\"async\" src=\"https:\/\/mycodedmind.com\/\/wp-content\/uploads\/2022\/03\/logo-typescript.webp\" alt=\"\"\/><\/figure>\n<\/div>\n\n\n\n<div class=\"wp-block-column is-layout-flow wp-block-column-is-layout-flow\">\n<figure class=\"wp-block-image size-large\"><img decoding=\"async\" src=\"https:\/\/mycodedmind.com\/\/wp-content\/uploads\/2022\/03\/logo-php.webp\" alt=\"\"\/><\/figure>\n<\/div>\n\n\n\n<div class=\"wp-block-column is-layout-flow wp-block-column-is-layout-flow\">\n<figure class=\"wp-block-image size-large\"><img decoding=\"async\" src=\"https:\/\/mycodedmind.com\/\/wp-content\/uploads\/2022\/03\/logo-dart.webp\" alt=\"\"\/><\/figure>\n<\/div>\n\n\n\n<div class=\"wp-block-column is-layout-flow wp-block-column-is-layout-flow\">\n<figure class=\"wp-block-image size-large\"><img decoding=\"async\" src=\"https:\/\/mycodedmind.com\/\/wp-content\/uploads\/2022\/03\/logo-sass.webp\" alt=\"\"\/><\/figure>\n<\/div>\n<\/div>\n<\/div><\/div>\n\n\n\n<div style=\"height:48px\" aria-hidden=\"true\" class=\"wp-block-spacer\"><\/div>\n\n\n\n<p><\/p>","protected":false},"excerpt":{"rendered":"<p>Are you planning to build an app? We have the talent,experince and the expertice your digital product needs. Our agile development process with appropriate tech implementation and the best protocols guarantees the success of your app. At Mycodedmind we understand the specific needs of your business. We develop software 100% adapted to your processes, in [&hellip;]<\/p>","protected":false},"author":1,"featured_media":0,"parent":502,"menu_order":0,"comment_status":"closed","ping_status":"closed","template":"","meta":{"content-type":"","footnotes":""},"class_list":["post-503","page","type-page","status-publish","hentry"],"yoast_head":"<!-- This site is optimized with the Yoast SEO plugin v21.8 - https:\/\/yoast.com\/wordpress\/plugins\/seo\/ -->\n<title>App Development - MyCodedMind<\/title>\n<meta name=\"robots\" content=\"index, follow, max-snippet:-1, max-image-preview:large, max-video-preview:-1\" \/>\n<link rel=\"canonical\" href=\"https:\/\/mycodedmind.com\/es\/services\/service-app-development\/\" \/>\n<meta property=\"og:locale\" content=\"es_ES\" \/>\n<meta property=\"og:type\" content=\"article\" \/>\n<meta property=\"og:title\" content=\"App Development - MyCodedMind\" \/>\n<meta property=\"og:description\" content=\"Are you planning to build an app? We have the talent,experince and the expertice your digital product needs. Our agile development process with appropriate tech implementation and the best protocols guarantees the success of your app. At Mycodedmind we understand the specific needs of your business. We develop software 100% adapted to your processes, in [&hellip;]\" \/>\n<meta property=\"og:url\" content=\"https:\/\/mycodedmind.com\/es\/services\/service-app-development\/\" \/>\n<meta property=\"og:site_name\" content=\"MyCodedMind\" \/>\n<meta property=\"article:publisher\" content=\"https:\/\/www.facebook.com\/mcmcuenca\" \/>\n<meta property=\"article:modified_time\" content=\"2022-07-21T15:47:59+00:00\" \/>\n<meta property=\"og:image\" content=\"https:\/\/mycodedmind.com\/\/wp-content\/uploads\/2022\/03\/app-development.webp\" \/>\n<meta name=\"twitter:card\" content=\"summary_large_image\" \/>\n<meta name=\"twitter:label1\" content=\"Tiempo de lectura\" \/>\n\t<meta name=\"twitter:data1\" content=\"1 minuto\" \/>\n<script type=\"application\/ld+json\" class=\"yoast-schema-graph\">{\"@context\":\"https:\/\/schema.org\",\"@graph\":[{\"@type\":\"WebPage\",\"@id\":\"https:\/\/mycodedmind.com\/services\/service-app-development\/\",\"url\":\"https:\/\/mycodedmind.com\/services\/service-app-development\/\",\"name\":\"App Development - MyCodedMind\",\"isPartOf\":{\"@id\":\"https:\/\/mycodedmind.com\/#website\"},\"datePublished\":\"2022-03-25T17:59:27+00:00\",\"dateModified\":\"2022-07-21T15:47:59+00:00\",\"breadcrumb\":{\"@id\":\"https:\/\/mycodedmind.com\/services\/service-app-development\/#breadcrumb\"},\"inLanguage\":\"es\",\"potentialAction\":[{\"@type\":\"ReadAction\",\"target\":[\"https:\/\/mycodedmind.com\/services\/service-app-development\/\"]}]},{\"@type\":\"BreadcrumbList\",\"@id\":\"https:\/\/mycodedmind.com\/services\/service-app-development\/#breadcrumb\",\"itemListElement\":[{\"@type\":\"ListItem\",\"position\":1,\"name\":\"Home\",\"item\":\"https:\/\/mycodedmind.com\/\"},{\"@type\":\"ListItem\",\"position\":2,\"name\":\"Our Services\",\"item\":\"https:\/\/mycodedmind.com\/services\/\"},{\"@type\":\"ListItem\",\"position\":3,\"name\":\"App Development\"}]},{\"@type\":\"WebSite\",\"@id\":\"https:\/\/mycodedmind.com\/#website\",\"url\":\"https:\/\/mycodedmind.com\/\",\"name\":\"MyCodedMind\",\"description\":\"Software Factory with Creative Inspiration\",\"publisher\":{\"@id\":\"https:\/\/mycodedmind.com\/#organization\"},\"potentialAction\":[{\"@type\":\"SearchAction\",\"target\":{\"@type\":\"EntryPoint\",\"urlTemplate\":\"https:\/\/mycodedmind.com\/?s={search_term_string}\"},\"query-input\":\"required name=search_term_string\"}],\"inLanguage\":\"es\"},{\"@type\":\"Organization\",\"@id\":\"https:\/\/mycodedmind.com\/#organization\",\"name\":\"My Coded Mind\",\"url\":\"https:\/\/mycodedmind.com\/\",\"logo\":{\"@type\":\"ImageObject\",\"inLanguage\":\"es\",\"@id\":\"https:\/\/mycodedmind.com\/#\/schema\/logo\/image\/\",\"url\":\"https:\/\/mycodedmind.com\/wp-content\/uploads\/2022\/04\/logo-mcm.webp\",\"contentUrl\":\"https:\/\/mycodedmind.com\/wp-content\/uploads\/2022\/04\/logo-mcm.webp\",\"width\":150,\"height\":150,\"caption\":\"My Coded Mind\"},\"image\":{\"@id\":\"https:\/\/mycodedmind.com\/#\/schema\/logo\/image\/\"},\"sameAs\":[\"https:\/\/www.facebook.com\/mcmcuenca\",\"https:\/\/www.instagram.com\/mycodedmind\/?hl=es-la\",\"https:\/\/vm.tiktok.com\/ZMLMgeEGg\/\",\"https:\/\/www.behance.net\/mycodedmind\",\"https:\/\/www.linkedin.com\/company\/mycodedmind\"]}]}<\/script>\n<!-- \/ Yoast SEO plugin. -->","yoast_head_json":{"title":"App Development - MyCodedMind","robots":{"index":"index","follow":"follow","max-snippet":"max-snippet:-1","max-image-preview":"max-image-preview:large","max-video-preview":"max-video-preview:-1"},"canonical":"https:\/\/mycodedmind.com\/es\/services\/service-app-development\/","og_locale":"es_ES","og_type":"article","og_title":"App Development - MyCodedMind","og_description":"Are you planning to build an app? We have the talent,experince and the expertice your digital product needs. Our agile development process with appropriate tech implementation and the best protocols guarantees the success of your app. At Mycodedmind we understand the specific needs of your business. We develop software 100% adapted to your processes, in [&hellip;]","og_url":"https:\/\/mycodedmind.com\/es\/services\/service-app-development\/","og_site_name":"MyCodedMind","article_publisher":"https:\/\/www.facebook.com\/mcmcuenca","article_modified_time":"2022-07-21T15:47:59+00:00","og_image":[{"url":"https:\/\/mycodedmind.com\/\/wp-content\/uploads\/2022\/03\/app-development.webp"}],"twitter_card":"summary_large_image","twitter_misc":{"Tiempo de lectura":"1 minuto"},"schema":{"@context":"https:\/\/schema.org","@graph":[{"@type":"WebPage","@id":"https:\/\/mycodedmind.com\/services\/service-app-development\/","url":"https:\/\/mycodedmind.com\/services\/service-app-development\/","name":"App Development - MyCodedMind","isPartOf":{"@id":"https:\/\/mycodedmind.com\/#website"},"datePublished":"2022-03-25T17:59:27+00:00","dateModified":"2022-07-21T15:47:59+00:00","breadcrumb":{"@id":"https:\/\/mycodedmind.com\/services\/service-app-development\/#breadcrumb"},"inLanguage":"es","potentialAction":[{"@type":"ReadAction","target":["https:\/\/mycodedmind.com\/services\/service-app-development\/"]}]},{"@type":"BreadcrumbList","@id":"https:\/\/mycodedmind.com\/services\/service-app-development\/#breadcrumb","itemListElement":[{"@type":"ListItem","position":1,"name":"Home","item":"https:\/\/mycodedmind.com\/"},{"@type":"ListItem","position":2,"name":"Our Services","item":"https:\/\/mycodedmind.com\/services\/"},{"@type":"ListItem","position":3,"name":"App Development"}]},{"@type":"WebSite","@id":"https:\/\/mycodedmind.com\/#website","url":"https:\/\/mycodedmind.com\/","name":"MyCodedMind","description":"Software Factory with Creative Inspiration","publisher":{"@id":"https:\/\/mycodedmind.com\/#organization"},"potentialAction":[{"@type":"SearchAction","target":{"@type":"EntryPoint","urlTemplate":"https:\/\/mycodedmind.com\/?s={search_term_string}"},"query-input":"required name=search_term_string"}],"inLanguage":"es"},{"@type":"Organization","@id":"https:\/\/mycodedmind.com\/#organization","name":"My Coded Mind","url":"https:\/\/mycodedmind.com\/","logo":{"@type":"ImageObject","inLanguage":"es","@id":"https:\/\/mycodedmind.com\/#\/schema\/logo\/image\/","url":"https:\/\/mycodedmind.com\/wp-content\/uploads\/2022\/04\/logo-mcm.webp","contentUrl":"https:\/\/mycodedmind.com\/wp-content\/uploads\/2022\/04\/logo-mcm.webp","width":150,"height":150,"caption":"My Coded Mind"},"image":{"@id":"https:\/\/mycodedmind.com\/#\/schema\/logo\/image\/"},"sameAs":["https:\/\/www.facebook.com\/mcmcuenca","https:\/\/www.instagram.com\/mycodedmind\/?hl=es-la","https:\/\/vm.tiktok.com\/ZMLMgeEGg\/","https:\/\/www.behance.net\/mycodedmind","https:\/\/www.linkedin.com\/company\/mycodedmind"]}]}},"_links":{"self":[{"href":"https:\/\/mycodedmind.com\/es\/wp-json\/wp\/v2\/pages\/503","targetHints":{"allow":["GET"]}}],"collection":[{"href":"https:\/\/mycodedmind.com\/es\/wp-json\/wp\/v2\/pages"}],"about":[{"href":"https:\/\/mycodedmind.com\/es\/wp-json\/wp\/v2\/types\/page"}],"author":[{"embeddable":true,"href":"https:\/\/mycodedmind.com\/es\/wp-json\/wp\/v2\/users\/1"}],"replies":[{"embeddable":true,"href":"https:\/\/mycodedmind.com\/es\/wp-json\/wp\/v2\/comments?post=503"}],"version-history":[{"count":4,"href":"https:\/\/mycodedmind.com\/es\/wp-json\/wp\/v2\/pages\/503\/revisions"}],"predecessor-version":[{"id":676,"href":"https:\/\/mycodedmind.com\/es\/wp-json\/wp\/v2\/pages\/503\/revisions\/676"}],"up":[{"embeddable":true,"href":"https:\/\/mycodedmind.com\/es\/wp-json\/wp\/v2\/pages\/502"}],"wp:attachment":[{"href":"https:\/\/mycodedmind.com\/es\/wp-json\/wp\/v2\/media?parent=503"}],"curies":[{"name":"wp","href":"https:\/\/api.w.org\/{rel}","templated":true}]}}