{"id":504,"date":"2022-03-28T15:56:20","date_gmt":"2022-03-28T15:56:20","guid":{"rendered":"http:\/\/localhost:8888\/MyCodedMind\/?page_id=449"},"modified":"2022-07-21T15:53:13","modified_gmt":"2022-07-21T15:53:13","slug":"service-web-development","status":"publish","type":"page","link":"https:\/\/mycodedmind.com\/es\/services\/service-web-development\/","title":{"rendered":"Desarrollo Web"},"content":{"rendered":"<div class=\"wp-block-columns row-service-heading is-layout-flex wp-container-core-columns-is-layout-9d6595d7 wp-block-columns-is-layout-flex\">\n<div class=\"wp-block-column column-service-heading-img is-layout-flow wp-block-column-is-layout-flow\" style=\"flex-basis:16%\">\n<figure class=\"wp-block-image size-large\"><img decoding=\"async\" src=\"https:\/\/mycodedmind.com\/\/wp-content\/uploads\/2022\/03\/web-development.webp\" alt=\"\"\/><\/figure>\n<\/div>\n\n\n\n<div class=\"wp-block-column column-service-heading-text is-layout-flow wp-block-column-is-layout-flow\" style=\"flex-basis:84%\">\n<h1>\u00a1Creamos sitios web incre\u00edbles!<\/h1>\n\n\n\n<div class=\"wp-block-buttons is-layout-flex wp-block-buttons-is-layout-flex\">\n<div class=\"wp-block-button is-style-outline btn-outline-light is-style-outline--1\"><a class=\"wp-block-button__link\" href=\"https:\/\/mycodedmind.com\/es\/contact\/\" style=\"border-radius:10px\">Let&#8217;s talk <i class=\"fas fa-arrow-right color-secondary ml-2\"><\/i><\/a><\/div>\n<\/div>\n<\/div>\n<\/div>\n\n\n\n<div style=\"height:32px\" aria-hidden=\"true\" class=\"wp-block-spacer\"><\/div>\n\n\n\n<p>Desarrollamos sitios web pensados para el logro de tus objetivos, ya sea generar m\u00e1s ventas, automatizar procesos o potenciar tu identidad corporativa.<\/p>\n\n\n\n<div style=\"height:32px\" aria-hidden=\"true\" class=\"wp-block-spacer\"><\/div>\n\n\n\n<p>Utilizamos tecnolog\u00edas web avanzadas, estrategias de optimizaci\u00f3n junto con un dise\u00f1o de interfaz adecuado.<\/p>\n\n\n\n<div style=\"height:48px\" aria-hidden=\"true\" class=\"wp-block-spacer\"><\/div>\n\n\n\n<h2 class=\"subtitle-services\">Soluciones de desarrollo web:<\/h2>\n\n\n\n<div style=\"height:32px\" aria-hidden=\"true\" class=\"wp-block-spacer\"><\/div>\n\n\n\n<div class=\"wp-block-group div-content-proccess\"><div class=\"wp-block-group__inner-container is-layout-flow wp-block-group-is-layout-flow\">\n<div class=\"wp-block-columns is-layout-flex wp-container-core-columns-is-layout-9d6595d7 wp-block-columns-is-layout-flex\">\n<div class=\"wp-block-column is-layout-flow wp-block-column-is-layout-flow\">\n<p>Plataformas E-commerce<\/p>\n\n\n\n<p>Web Apps<\/p>\n\n\n\n<p>Landing pages<\/p>\n<\/div>\n\n\n\n<div class=\"wp-block-column is-layout-flow wp-block-column-is-layout-flow\">\n<p>CMS<\/p>\n\n\n\n<p>Plataformas E-learning<\/p>\n\n\n\n<p>Sitios web corporativos<\/p>\n<\/div>\n<\/div>\n<\/div><\/div>\n\n\n\n<div style=\"height:48px\" aria-hidden=\"true\" class=\"wp-block-spacer\"><\/div>\n\n\n\n<h2 class=\"subtitle-services\">Nuestras tecnolog\u00edas<\/h2>\n\n\n\n<div style=\"height:48px\" aria-hidden=\"true\" class=\"wp-block-spacer\"><\/div>\n\n\n\n<div class=\"wp-block-group div-tech\"><div class=\"wp-block-group__inner-container is-layout-flow wp-block-group-is-layout-flow\">\n<div class=\"wp-block-columns row-tech is-layout-flex wp-container-core-columns-is-layout-9d6595d7 wp-block-columns-is-layout-flex\">\n<div class=\"wp-block-column is-layout-flow wp-block-column-is-layout-flow\">\n<figure class=\"wp-block-image size-large\"><img decoding=\"async\" src=\"https:\/\/mycodedmind.com\/\/wp-content\/uploads\/2022\/03\/logo-html5.webp\" alt=\"\"\/><\/figure>\n<\/div>\n\n\n\n<div class=\"wp-block-column is-layout-flow wp-block-column-is-layout-flow\">\n<figure class=\"wp-block-image size-large\"><img decoding=\"async\" src=\"https:\/\/mycodedmind.com\/\/wp-content\/uploads\/2022\/03\/logo-css3.webp\" alt=\"\"\/><\/figure>\n<\/div>\n\n\n\n<div class=\"wp-block-column is-layout-flow wp-block-column-is-layout-flow\">\n<figure class=\"wp-block-image size-large\"><img decoding=\"async\" src=\"https:\/\/mycodedmind.com\/\/wp-content\/uploads\/2022\/03\/logo-javascript.webp\" alt=\"\"\/><\/figure>\n<\/div>\n\n\n\n<div class=\"wp-block-column is-layout-flow wp-block-column-is-layout-flow\">\n<figure class=\"wp-block-image size-large\"><img decoding=\"async\" src=\"https:\/\/mycodedmind.com\/\/wp-content\/uploads\/2022\/03\/logo-typescript.webp\" alt=\"\"\/><\/figure>\n<\/div>\n\n\n\n<div class=\"wp-block-column is-layout-flow wp-block-column-is-layout-flow\">\n<figure class=\"wp-block-image size-large\"><img decoding=\"async\" src=\"https:\/\/mycodedmind.com\/\/wp-content\/uploads\/2022\/03\/logo-sass.webp\" alt=\"\"\/><\/figure>\n<\/div>\n\n\n\n<div class=\"wp-block-column is-layout-flow wp-block-column-is-layout-flow\">\n<figure class=\"wp-block-image size-large\"><img decoding=\"async\" src=\"https:\/\/mycodedmind.com\/\/wp-content\/uploads\/2022\/03\/logo-php.webp\" alt=\"\"\/><\/figure>\n<\/div>\n<\/div>\n\n\n\n<div class=\"wp-block-columns row-tech is-layout-flex wp-container-core-columns-is-layout-9d6595d7 wp-block-columns-is-layout-flex\">\n<div class=\"wp-block-column is-layout-flow wp-block-column-is-layout-flow\">\n<figure class=\"wp-block-image size-large\"><img decoding=\"async\" src=\"https:\/\/mycodedmind.com\/\/wp-content\/uploads\/2022\/03\/logo-bootstrap.webp\" alt=\"\"\/><\/figure>\n<\/div>\n\n\n\n<div class=\"wp-block-column is-layout-flow wp-block-column-is-layout-flow\">\n<figure class=\"wp-block-image size-large\"><img decoding=\"async\" src=\"https:\/\/mycodedmind.com\/\/wp-content\/uploads\/2022\/03\/logo-wordpress.webp\" alt=\"\"\/><\/figure>\n<\/div>\n\n\n\n<div class=\"wp-block-column is-layout-flow wp-block-column-is-layout-flow\">\n<figure class=\"wp-block-image size-large\"><img decoding=\"async\" src=\"https:\/\/mycodedmind.com\/\/wp-content\/uploads\/2022\/03\/logo-shopify.webp\" alt=\"\"\/><\/figure>\n<\/div>\n\n\n\n<div class=\"wp-block-column is-layout-flow wp-block-column-is-layout-flow\">\n<figure class=\"wp-block-image size-large\"><img decoding=\"async\" src=\"https:\/\/mycodedmind.com\/\/wp-content\/uploads\/2022\/03\/logo-laravel.webp\" alt=\"\"\/><\/figure>\n<\/div>\n\n\n\n<div class=\"wp-block-column is-layout-flow wp-block-column-is-layout-flow\">\n<figure class=\"wp-block-image size-large\"><img decoding=\"async\" src=\"https:\/\/mycodedmind.com\/\/wp-content\/uploads\/2022\/03\/logo-vuejs.webp\" alt=\"\"\/><\/figure>\n<\/div>\n\n\n\n<div class=\"wp-block-column is-layout-flow wp-block-column-is-layout-flow\">\n<figure class=\"wp-block-image size-large\"><img decoding=\"async\" src=\"https:\/\/mycodedmind.com\/\/wp-content\/uploads\/2022\/03\/logo-angular.webp\" alt=\"\"\/><\/figure>\n<\/div>\n<\/div>\n\n\n\n<div class=\"wp-block-columns row-tech is-layout-flex wp-container-core-columns-is-layout-9d6595d7 wp-block-columns-is-layout-flex\">\n<div class=\"wp-block-column is-layout-flow wp-block-column-is-layout-flow\">\n<figure class=\"wp-block-image size-large\"><img decoding=\"async\" src=\"https:\/\/mycodedmind.com\/\/wp-content\/uploads\/2022\/03\/logo-react.webp\" alt=\"\"\/><\/figure>\n<\/div>\n\n\n\n<div class=\"wp-block-column is-layout-flow wp-block-column-is-layout-flow\">\n<figure class=\"wp-block-image size-large\"><img decoding=\"async\" src=\"https:\/\/mycodedmind.com\/\/wp-content\/uploads\/2022\/03\/logo-expressjs.webp\" alt=\"\"\/><\/figure>\n<\/div>\n\n\n\n<div class=\"wp-block-column is-layout-flow wp-block-column-is-layout-flow\">\n<figure class=\"wp-block-image size-large\"><img decoding=\"async\" src=\"https:\/\/mycodedmind.com\/\/wp-content\/uploads\/2022\/03\/logo-mongoDB.webp\" alt=\"\"\/><\/figure>\n<\/div>\n\n\n\n<div class=\"wp-block-column is-layout-flow wp-block-column-is-layout-flow\">\n<figure class=\"wp-block-image size-large\"><img decoding=\"async\" src=\"https:\/\/mycodedmind.com\/\/wp-content\/uploads\/2022\/03\/logo-mysql.webp\" alt=\"\"\/><\/figure>\n<\/div>\n\n\n\n<div class=\"wp-block-column is-layout-flow wp-block-column-is-layout-flow\">\n<figure class=\"wp-block-image size-large\"><img decoding=\"async\" src=\"https:\/\/mycodedmind.com\/\/wp-content\/uploads\/2022\/03\/logo-postgesql.webp\" alt=\"\"\/><\/figure>\n<\/div>\n\n\n\n<div class=\"wp-block-column is-layout-flow wp-block-column-is-layout-flow\">\n<figure class=\"wp-block-image size-large\"><img decoding=\"async\" src=\"https:\/\/mycodedmind.com\/\/wp-content\/uploads\/2022\/03\/logo-firebase.webp\" alt=\"\"\/><\/figure>\n<\/div>\n<\/div>\n<\/div><\/div>\n\n\n\n<div style=\"height:48px\" aria-hidden=\"true\" class=\"wp-block-spacer\"><\/div>\n\n\n\n<p><\/p>","protected":false},"excerpt":{"rendered":"<p>We make cool websites! We develop websites optimized to achieve your goals, either to generate more sales, automate processes, or enhance your corporate identity. We use advanced web technologies, optimization strategies together with a suitable interface design. Web development solutions: E-commerce Web Apps Landing pages CMS E-learning sites Corporative websites Our web development tech stack<\/p>","protected":false},"author":1,"featured_media":0,"parent":502,"menu_order":0,"comment_status":"closed","ping_status":"closed","template":"","meta":{"content-type":"","footnotes":""},"class_list":["post-504","page","type-page","status-publish","hentry"],"yoast_head":"<!-- This site is optimized with the Yoast SEO plugin v21.8 - https:\/\/yoast.com\/wordpress\/plugins\/seo\/ -->\n<title>Web Development - MyCodedMind<\/title>\n<meta name=\"robots\" content=\"index, follow, max-snippet:-1, max-image-preview:large, max-video-preview:-1\" \/>\n<link rel=\"canonical\" href=\"https:\/\/mycodedmind.com\/es\/services\/service-web-development\/\" \/>\n<meta property=\"og:locale\" content=\"es_ES\" \/>\n<meta property=\"og:type\" content=\"article\" \/>\n<meta property=\"og:title\" content=\"Web Development - MyCodedMind\" \/>\n<meta property=\"og:description\" content=\"We make cool websites! We develop websites optimized to achieve your goals, either to generate more sales, automate processes, or enhance your corporate identity. We use advanced web technologies, optimization strategies together with a suitable interface design. Web development solutions: E-commerce Web Apps Landing pages CMS E-learning sites Corporative websites Our web development tech stack\" \/>\n<meta property=\"og:url\" content=\"https:\/\/mycodedmind.com\/es\/services\/service-web-development\/\" \/>\n<meta property=\"og:site_name\" content=\"MyCodedMind\" \/>\n<meta property=\"article:publisher\" content=\"https:\/\/www.facebook.com\/mcmcuenca\" \/>\n<meta property=\"article:modified_time\" content=\"2022-07-21T15:53:13+00:00\" \/>\n<meta property=\"og:image\" content=\"https:\/\/mycodedmind.com\/\/wp-content\/uploads\/2022\/03\/web-development.webp\" \/>\n<meta name=\"twitter:card\" content=\"summary_large_image\" \/>\n<script type=\"application\/ld+json\" class=\"yoast-schema-graph\">{\"@context\":\"https:\/\/schema.org\",\"@graph\":[{\"@type\":\"WebPage\",\"@id\":\"https:\/\/mycodedmind.com\/services\/service-web-development\/\",\"url\":\"https:\/\/mycodedmind.com\/services\/service-web-development\/\",\"name\":\"Web Development - MyCodedMind\",\"isPartOf\":{\"@id\":\"https:\/\/mycodedmind.com\/#website\"},\"datePublished\":\"2022-03-28T15:56:20+00:00\",\"dateModified\":\"2022-07-21T15:53:13+00:00\",\"breadcrumb\":{\"@id\":\"https:\/\/mycodedmind.com\/services\/service-web-development\/#breadcrumb\"},\"inLanguage\":\"es\",\"potentialAction\":[{\"@type\":\"ReadAction\",\"target\":[\"https:\/\/mycodedmind.com\/services\/service-web-development\/\"]}]},{\"@type\":\"BreadcrumbList\",\"@id\":\"https:\/\/mycodedmind.com\/services\/service-web-development\/#breadcrumb\",\"itemListElement\":[{\"@type\":\"ListItem\",\"position\":1,\"name\":\"Home\",\"item\":\"https:\/\/mycodedmind.com\/\"},{\"@type\":\"ListItem\",\"position\":2,\"name\":\"Our Services\",\"item\":\"https:\/\/mycodedmind.com\/services\/\"},{\"@type\":\"ListItem\",\"position\":3,\"name\":\"Web Development\"}]},{\"@type\":\"WebSite\",\"@id\":\"https:\/\/mycodedmind.com\/#website\",\"url\":\"https:\/\/mycodedmind.com\/\",\"name\":\"MyCodedMind\",\"description\":\"Software Factory with Creative Inspiration\",\"publisher\":{\"@id\":\"https:\/\/mycodedmind.com\/#organization\"},\"potentialAction\":[{\"@type\":\"SearchAction\",\"target\":{\"@type\":\"EntryPoint\",\"urlTemplate\":\"https:\/\/mycodedmind.com\/?s={search_term_string}\"},\"query-input\":\"required name=search_term_string\"}],\"inLanguage\":\"es\"},{\"@type\":\"Organization\",\"@id\":\"https:\/\/mycodedmind.com\/#organization\",\"name\":\"My Coded Mind\",\"url\":\"https:\/\/mycodedmind.com\/\",\"logo\":{\"@type\":\"ImageObject\",\"inLanguage\":\"es\",\"@id\":\"https:\/\/mycodedmind.com\/#\/schema\/logo\/image\/\",\"url\":\"https:\/\/mycodedmind.com\/wp-content\/uploads\/2022\/04\/logo-mcm.webp\",\"contentUrl\":\"https:\/\/mycodedmind.com\/wp-content\/uploads\/2022\/04\/logo-mcm.webp\",\"width\":150,\"height\":150,\"caption\":\"My Coded Mind\"},\"image\":{\"@id\":\"https:\/\/mycodedmind.com\/#\/schema\/logo\/image\/\"},\"sameAs\":[\"https:\/\/www.facebook.com\/mcmcuenca\",\"https:\/\/www.instagram.com\/mycodedmind\/?hl=es-la\",\"https:\/\/vm.tiktok.com\/ZMLMgeEGg\/\",\"https:\/\/www.behance.net\/mycodedmind\",\"https:\/\/www.linkedin.com\/company\/mycodedmind\"]}]}<\/script>\n<!-- \/ Yoast SEO plugin. -->","yoast_head_json":{"title":"Web Development - MyCodedMind","robots":{"index":"index","follow":"follow","max-snippet":"max-snippet:-1","max-image-preview":"max-image-preview:large","max-video-preview":"max-video-preview:-1"},"canonical":"https:\/\/mycodedmind.com\/es\/services\/service-web-development\/","og_locale":"es_ES","og_type":"article","og_title":"Web Development - MyCodedMind","og_description":"We make cool websites! We develop websites optimized to achieve your goals, either to generate more sales, automate processes, or enhance your corporate identity. We use advanced web technologies, optimization strategies together with a suitable interface design. Web development solutions: E-commerce Web Apps Landing pages CMS E-learning sites Corporative websites Our web development tech stack","og_url":"https:\/\/mycodedmind.com\/es\/services\/service-web-development\/","og_site_name":"MyCodedMind","article_publisher":"https:\/\/www.facebook.com\/mcmcuenca","article_modified_time":"2022-07-21T15:53:13+00:00","og_image":[{"url":"https:\/\/mycodedmind.com\/\/wp-content\/uploads\/2022\/03\/web-development.webp"}],"twitter_card":"summary_large_image","schema":{"@context":"https:\/\/schema.org","@graph":[{"@type":"WebPage","@id":"https:\/\/mycodedmind.com\/services\/service-web-development\/","url":"https:\/\/mycodedmind.com\/services\/service-web-development\/","name":"Web Development - MyCodedMind","isPartOf":{"@id":"https:\/\/mycodedmind.com\/#website"},"datePublished":"2022-03-28T15:56:20+00:00","dateModified":"2022-07-21T15:53:13+00:00","breadcrumb":{"@id":"https:\/\/mycodedmind.com\/services\/service-web-development\/#breadcrumb"},"inLanguage":"es","potentialAction":[{"@type":"ReadAction","target":["https:\/\/mycodedmind.com\/services\/service-web-development\/"]}]},{"@type":"BreadcrumbList","@id":"https:\/\/mycodedmind.com\/services\/service-web-development\/#breadcrumb","itemListElement":[{"@type":"ListItem","position":1,"name":"Home","item":"https:\/\/mycodedmind.com\/"},{"@type":"ListItem","position":2,"name":"Our Services","item":"https:\/\/mycodedmind.com\/services\/"},{"@type":"ListItem","position":3,"name":"Web Development"}]},{"@type":"WebSite","@id":"https:\/\/mycodedmind.com\/#website","url":"https:\/\/mycodedmind.com\/","name":"MyCodedMind","description":"Software Factory with Creative Inspiration","publisher":{"@id":"https:\/\/mycodedmind.com\/#organization"},"potentialAction":[{"@type":"SearchAction","target":{"@type":"EntryPoint","urlTemplate":"https:\/\/mycodedmind.com\/?s={search_term_string}"},"query-input":"required name=search_term_string"}],"inLanguage":"es"},{"@type":"Organization","@id":"https:\/\/mycodedmind.com\/#organization","name":"My Coded Mind","url":"https:\/\/mycodedmind.com\/","logo":{"@type":"ImageObject","inLanguage":"es","@id":"https:\/\/mycodedmind.com\/#\/schema\/logo\/image\/","url":"https:\/\/mycodedmind.com\/wp-content\/uploads\/2022\/04\/logo-mcm.webp","contentUrl":"https:\/\/mycodedmind.com\/wp-content\/uploads\/2022\/04\/logo-mcm.webp","width":150,"height":150,"caption":"My Coded Mind"},"image":{"@id":"https:\/\/mycodedmind.com\/#\/schema\/logo\/image\/"},"sameAs":["https:\/\/www.facebook.com\/mcmcuenca","https:\/\/www.instagram.com\/mycodedmind\/?hl=es-la","https:\/\/vm.tiktok.com\/ZMLMgeEGg\/","https:\/\/www.behance.net\/mycodedmind","https:\/\/www.linkedin.com\/company\/mycodedmind"]}]}},"_links":{"self":[{"href":"https:\/\/mycodedmind.com\/es\/wp-json\/wp\/v2\/pages\/504","targetHints":{"allow":["GET"]}}],"collection":[{"href":"https:\/\/mycodedmind.com\/es\/wp-json\/wp\/v2\/pages"}],"about":[{"href":"https:\/\/mycodedmind.com\/es\/wp-json\/wp\/v2\/types\/page"}],"author":[{"embeddable":true,"href":"https:\/\/mycodedmind.com\/es\/wp-json\/wp\/v2\/users\/1"}],"replies":[{"embeddable":true,"href":"https:\/\/mycodedmind.com\/es\/wp-json\/wp\/v2\/comments?post=504"}],"version-history":[{"count":4,"href":"https:\/\/mycodedmind.com\/es\/wp-json\/wp\/v2\/pages\/504\/revisions"}],"predecessor-version":[{"id":681,"href":"https:\/\/mycodedmind.com\/es\/wp-json\/wp\/v2\/pages\/504\/revisions\/681"}],"up":[{"embeddable":true,"href":"https:\/\/mycodedmind.com\/es\/wp-json\/wp\/v2\/pages\/502"}],"wp:attachment":[{"href":"https:\/\/mycodedmind.com\/es\/wp-json\/wp\/v2\/media?parent=504"}],"curies":[{"name":"wp","href":"https:\/\/api.w.org\/{rel}","templated":true}]}}