{"id":505,"date":"2022-03-28T16:44:13","date_gmt":"2022-03-28T16:44:13","guid":{"rendered":"http:\/\/localhost:8888\/MyCodedMind\/?page_id=453"},"modified":"2022-07-21T15:59:54","modified_gmt":"2022-07-21T15:59:54","slug":"service-uxui-design","status":"publish","type":"page","link":"https:\/\/mycodedmind.com\/es\/services\/service-uxui-design\/","title":{"rendered":"UX\/UI Design"},"content":{"rendered":"<div class=\"wp-block-columns row-service-heading is-layout-flex wp-container-core-columns-is-layout-9d6595d7 wp-block-columns-is-layout-flex\">\n<div class=\"wp-block-column column-service-heading-img is-layout-flow wp-block-column-is-layout-flow\" style=\"flex-basis:16%\">\n<figure class=\"wp-block-image size-large\"><img decoding=\"async\" src=\"https:\/\/mycodedmind.com\/\/wp-content\/uploads\/2022\/03\/ux-iu-design.webp\" alt=\"\"\/><\/figure>\n<\/div>\n\n\n\n<div class=\"wp-block-column column-service-heading-text is-layout-flow wp-block-column-is-layout-flow\" style=\"flex-basis:84%\">\n<h1>Creamos productos funcionales, est\u00e9ticos y disfrutables.<\/h1>\n\n\n\n<div class=\"wp-block-buttons is-layout-flex wp-block-buttons-is-layout-flex\">\n<div class=\"wp-block-button is-style-outline btn-outline-light is-style-outline--1\"><a class=\"wp-block-button__link\" href=\"https:\/\/mycodedmind.com\/es\/contact\/\" style=\"border-radius:10px\">Let&#8217;s talk <i class=\"fas fa-arrow-right color-secondary ml-2\"><\/i><\/a><\/div>\n<\/div>\n<\/div>\n<\/div>\n\n\n\n<div style=\"height:32px\" aria-hidden=\"true\" class=\"wp-block-spacer\"><\/div>\n\n\n\n<p>El dise\u00f1o de experiencia de usuario o (UX) es un conjunto de t\u00e9cnicas que buscan analizar, probar y optimizar la experiencia que obtendr\u00e1n los usuarios con un producto digital.<\/p>\n\n\n\n<div style=\"height:32px\" aria-hidden=\"true\" class=\"wp-block-spacer\"><\/div>\n\n\n\n<p>El dise\u00f1o de interfaz (UI) busca crear una experiencia visual e interactiva agradable, basada en las funcionalidades de la aplicaci\u00f3n y las necesidades del usuario.<\/p>\n\n\n\n<div style=\"height:48px\" aria-hidden=\"true\" class=\"wp-block-spacer\"><\/div>\n\n\n\n<h2 class=\"subtitle-services\">Soluciones de dise\u00f1o UX\/UI<\/h2>\n\n\n\n<div style=\"height:32px\" aria-hidden=\"true\" class=\"wp-block-spacer\"><\/div>\n\n\n\n<div class=\"wp-block-group div-content-proccess\"><div class=\"wp-block-group__inner-container is-layout-flow wp-block-group-is-layout-flow\">\n<div class=\"wp-block-columns is-layout-flex wp-container-core-columns-is-layout-9d6595d7 wp-block-columns-is-layout-flex\">\n<div class=\"wp-block-column is-layout-flow wp-block-column-is-layout-flow\">\n<p>Ideaci\u00f3n<\/p>\n\n\n\n<p>Arquitectura de la informaci\u00f3n<\/p>\n\n\n\n<p>Flujo de usuario<\/p>\n\n\n\n<p>User journey<\/p>\n<\/div>\n\n\n\n<div class=\"wp-block-column is-layout-flow wp-block-column-is-layout-flow\">\n<p>Dise\u00f1o visual<\/p>\n\n\n\n<p>Dise\u00f1o interactivo<\/p>\n\n\n\n<p>Prototipado de software<\/p>\n<\/div>\n<\/div>\n<\/div><\/div>\n\n\n\n<div style=\"height:48px\" aria-hidden=\"true\" class=\"wp-block-spacer\"><\/div>\n\n\n\n<h2 class=\"subtitle-services\">Nuestro proceso<\/h2>\n\n\n\n<div style=\"height:32px\" aria-hidden=\"true\" class=\"wp-block-spacer\"><\/div>\n\n\n\n<p>En MCM utilizamos varias t\u00e9cnicas de investigaci\u00f3n y pruebas de UX para estudiar el usuario objetivo de su aplicaci\u00f3n o sitio web, para as\u00ed conocer sus requisitos y necesidades reales. Esto nos permite tomar las mejores decisiones en el proceso de dise\u00f1o de productos digitales.<\/p>\n\n\n\n<div style=\"height:32px\" aria-hidden=\"true\" class=\"wp-block-spacer\"><\/div>\n\n\n\n<div class=\"wp-block-group div-content-proccess\"><div class=\"wp-block-group__inner-container is-layout-flow wp-block-group-is-layout-flow\">\n<div class=\"wp-block-columns is-layout-flex wp-container-core-columns-is-layout-9d6595d7 wp-block-columns-is-layout-flex\">\n<div class=\"wp-block-column is-layout-flow wp-block-column-is-layout-flow\">\n<p>Entrevistas con usuarios<\/p>\n\n\n\n<p>Encuestas<\/p>\n\n\n\n<p>Car sorting<\/p>\n<\/div>\n\n\n\n<div class=\"wp-block-column is-layout-flow wp-block-column-is-layout-flow\">\n<p>Tree testing<\/p>\n\n\n\n<p>Test de usabilidad<\/p>\n<\/div>\n<\/div>\n<\/div><\/div>\n\n\n\n<div style=\"height:48px\" aria-hidden=\"true\" class=\"wp-block-spacer\"><\/div>","protected":false},"excerpt":{"rendered":"<p>Creating usable, equitable and enjoyable experiences. User experience or (UX) is a set of techniques that seek to analyze, test and optimize the experience users will get with a digital product. Interface design (UI) seeks to create an enjoyable visual and interactive experience, based on the functionalities of the app and the user needs. UX\/UI [&hellip;]<\/p>","protected":false},"author":1,"featured_media":0,"parent":502,"menu_order":0,"comment_status":"closed","ping_status":"closed","template":"","meta":{"content-type":"","footnotes":""},"class_list":["post-505","page","type-page","status-publish","hentry"],"yoast_head":"<!-- This site is optimized with the Yoast SEO plugin v21.8 - https:\/\/yoast.com\/wordpress\/plugins\/seo\/ -->\n<title>UX\/UI Design - MyCodedMind<\/title>\n<meta name=\"robots\" content=\"index, follow, max-snippet:-1, max-image-preview:large, max-video-preview:-1\" \/>\n<link rel=\"canonical\" href=\"https:\/\/mycodedmind.com\/es\/services\/service-uxui-design\/\" \/>\n<meta property=\"og:locale\" content=\"es_ES\" \/>\n<meta property=\"og:type\" content=\"article\" \/>\n<meta property=\"og:title\" content=\"UX\/UI Design - MyCodedMind\" \/>\n<meta property=\"og:description\" content=\"Creating usable, equitable and enjoyable experiences. User experience or (UX) is a set of techniques that seek to analyze, test and optimize the experience users will get with a digital product. Interface design (UI) seeks to create an enjoyable visual and interactive experience, based on the functionalities of the app and the user needs. UX\/UI [&hellip;]\" \/>\n<meta property=\"og:url\" content=\"https:\/\/mycodedmind.com\/es\/services\/service-uxui-design\/\" \/>\n<meta property=\"og:site_name\" content=\"MyCodedMind\" \/>\n<meta property=\"article:publisher\" content=\"https:\/\/www.facebook.com\/mcmcuenca\" \/>\n<meta property=\"article:modified_time\" content=\"2022-07-21T15:59:54+00:00\" \/>\n<meta property=\"og:image\" content=\"https:\/\/mycodedmind.com\/\/wp-content\/uploads\/2022\/03\/ux-iu-design.webp\" \/>\n<meta name=\"twitter:card\" content=\"summary_large_image\" \/>\n<meta name=\"twitter:label1\" content=\"Tiempo de lectura\" \/>\n\t<meta name=\"twitter:data1\" content=\"1 minuto\" \/>\n<script type=\"application\/ld+json\" class=\"yoast-schema-graph\">{\"@context\":\"https:\/\/schema.org\",\"@graph\":[{\"@type\":\"WebPage\",\"@id\":\"https:\/\/mycodedmind.com\/services\/service-uxui-design\/\",\"url\":\"https:\/\/mycodedmind.com\/services\/service-uxui-design\/\",\"name\":\"UX\/UI Design - MyCodedMind\",\"isPartOf\":{\"@id\":\"https:\/\/mycodedmind.com\/#website\"},\"datePublished\":\"2022-03-28T16:44:13+00:00\",\"dateModified\":\"2022-07-21T15:59:54+00:00\",\"breadcrumb\":{\"@id\":\"https:\/\/mycodedmind.com\/services\/service-uxui-design\/#breadcrumb\"},\"inLanguage\":\"es\",\"potentialAction\":[{\"@type\":\"ReadAction\",\"target\":[\"https:\/\/mycodedmind.com\/services\/service-uxui-design\/\"]}]},{\"@type\":\"BreadcrumbList\",\"@id\":\"https:\/\/mycodedmind.com\/services\/service-uxui-design\/#breadcrumb\",\"itemListElement\":[{\"@type\":\"ListItem\",\"position\":1,\"name\":\"Home\",\"item\":\"https:\/\/mycodedmind.com\/\"},{\"@type\":\"ListItem\",\"position\":2,\"name\":\"Our Services\",\"item\":\"https:\/\/mycodedmind.com\/services\/\"},{\"@type\":\"ListItem\",\"position\":3,\"name\":\"UX\/UI Design\"}]},{\"@type\":\"WebSite\",\"@id\":\"https:\/\/mycodedmind.com\/#website\",\"url\":\"https:\/\/mycodedmind.com\/\",\"name\":\"MyCodedMind\",\"description\":\"Software Factory with Creative Inspiration\",\"publisher\":{\"@id\":\"https:\/\/mycodedmind.com\/#organization\"},\"potentialAction\":[{\"@type\":\"SearchAction\",\"target\":{\"@type\":\"EntryPoint\",\"urlTemplate\":\"https:\/\/mycodedmind.com\/?s={search_term_string}\"},\"query-input\":\"required name=search_term_string\"}],\"inLanguage\":\"es\"},{\"@type\":\"Organization\",\"@id\":\"https:\/\/mycodedmind.com\/#organization\",\"name\":\"My Coded Mind\",\"url\":\"https:\/\/mycodedmind.com\/\",\"logo\":{\"@type\":\"ImageObject\",\"inLanguage\":\"es\",\"@id\":\"https:\/\/mycodedmind.com\/#\/schema\/logo\/image\/\",\"url\":\"https:\/\/mycodedmind.com\/wp-content\/uploads\/2022\/04\/logo-mcm.webp\",\"contentUrl\":\"https:\/\/mycodedmind.com\/wp-content\/uploads\/2022\/04\/logo-mcm.webp\",\"width\":150,\"height\":150,\"caption\":\"My Coded Mind\"},\"image\":{\"@id\":\"https:\/\/mycodedmind.com\/#\/schema\/logo\/image\/\"},\"sameAs\":[\"https:\/\/www.facebook.com\/mcmcuenca\",\"https:\/\/www.instagram.com\/mycodedmind\/?hl=es-la\",\"https:\/\/vm.tiktok.com\/ZMLMgeEGg\/\",\"https:\/\/www.behance.net\/mycodedmind\",\"https:\/\/www.linkedin.com\/company\/mycodedmind\"]}]}<\/script>\n<!-- \/ Yoast SEO plugin. -->","yoast_head_json":{"title":"UX\/UI Design - MyCodedMind","robots":{"index":"index","follow":"follow","max-snippet":"max-snippet:-1","max-image-preview":"max-image-preview:large","max-video-preview":"max-video-preview:-1"},"canonical":"https:\/\/mycodedmind.com\/es\/services\/service-uxui-design\/","og_locale":"es_ES","og_type":"article","og_title":"UX\/UI Design - MyCodedMind","og_description":"Creating usable, equitable and enjoyable experiences. User experience or (UX) is a set of techniques that seek to analyze, test and optimize the experience users will get with a digital product. Interface design (UI) seeks to create an enjoyable visual and interactive experience, based on the functionalities of the app and the user needs. UX\/UI [&hellip;]","og_url":"https:\/\/mycodedmind.com\/es\/services\/service-uxui-design\/","og_site_name":"MyCodedMind","article_publisher":"https:\/\/www.facebook.com\/mcmcuenca","article_modified_time":"2022-07-21T15:59:54+00:00","og_image":[{"url":"https:\/\/mycodedmind.com\/\/wp-content\/uploads\/2022\/03\/ux-iu-design.webp"}],"twitter_card":"summary_large_image","twitter_misc":{"Tiempo de lectura":"1 minuto"},"schema":{"@context":"https:\/\/schema.org","@graph":[{"@type":"WebPage","@id":"https:\/\/mycodedmind.com\/services\/service-uxui-design\/","url":"https:\/\/mycodedmind.com\/services\/service-uxui-design\/","name":"UX\/UI Design - MyCodedMind","isPartOf":{"@id":"https:\/\/mycodedmind.com\/#website"},"datePublished":"2022-03-28T16:44:13+00:00","dateModified":"2022-07-21T15:59:54+00:00","breadcrumb":{"@id":"https:\/\/mycodedmind.com\/services\/service-uxui-design\/#breadcrumb"},"inLanguage":"es","potentialAction":[{"@type":"ReadAction","target":["https:\/\/mycodedmind.com\/services\/service-uxui-design\/"]}]},{"@type":"BreadcrumbList","@id":"https:\/\/mycodedmind.com\/services\/service-uxui-design\/#breadcrumb","itemListElement":[{"@type":"ListItem","position":1,"name":"Home","item":"https:\/\/mycodedmind.com\/"},{"@type":"ListItem","position":2,"name":"Our Services","item":"https:\/\/mycodedmind.com\/services\/"},{"@type":"ListItem","position":3,"name":"UX\/UI Design"}]},{"@type":"WebSite","@id":"https:\/\/mycodedmind.com\/#website","url":"https:\/\/mycodedmind.com\/","name":"MyCodedMind","description":"Software Factory with Creative Inspiration","publisher":{"@id":"https:\/\/mycodedmind.com\/#organization"},"potentialAction":[{"@type":"SearchAction","target":{"@type":"EntryPoint","urlTemplate":"https:\/\/mycodedmind.com\/?s={search_term_string}"},"query-input":"required name=search_term_string"}],"inLanguage":"es"},{"@type":"Organization","@id":"https:\/\/mycodedmind.com\/#organization","name":"My Coded Mind","url":"https:\/\/mycodedmind.com\/","logo":{"@type":"ImageObject","inLanguage":"es","@id":"https:\/\/mycodedmind.com\/#\/schema\/logo\/image\/","url":"https:\/\/mycodedmind.com\/wp-content\/uploads\/2022\/04\/logo-mcm.webp","contentUrl":"https:\/\/mycodedmind.com\/wp-content\/uploads\/2022\/04\/logo-mcm.webp","width":150,"height":150,"caption":"My Coded Mind"},"image":{"@id":"https:\/\/mycodedmind.com\/#\/schema\/logo\/image\/"},"sameAs":["https:\/\/www.facebook.com\/mcmcuenca","https:\/\/www.instagram.com\/mycodedmind\/?hl=es-la","https:\/\/vm.tiktok.com\/ZMLMgeEGg\/","https:\/\/www.behance.net\/mycodedmind","https:\/\/www.linkedin.com\/company\/mycodedmind"]}]}},"_links":{"self":[{"href":"https:\/\/mycodedmind.com\/es\/wp-json\/wp\/v2\/pages\/505","targetHints":{"allow":["GET"]}}],"collection":[{"href":"https:\/\/mycodedmind.com\/es\/wp-json\/wp\/v2\/pages"}],"about":[{"href":"https:\/\/mycodedmind.com\/es\/wp-json\/wp\/v2\/types\/page"}],"author":[{"embeddable":true,"href":"https:\/\/mycodedmind.com\/es\/wp-json\/wp\/v2\/users\/1"}],"replies":[{"embeddable":true,"href":"https:\/\/mycodedmind.com\/es\/wp-json\/wp\/v2\/comments?post=505"}],"version-history":[{"count":4,"href":"https:\/\/mycodedmind.com\/es\/wp-json\/wp\/v2\/pages\/505\/revisions"}],"predecessor-version":[{"id":680,"href":"https:\/\/mycodedmind.com\/es\/wp-json\/wp\/v2\/pages\/505\/revisions\/680"}],"up":[{"embeddable":true,"href":"https:\/\/mycodedmind.com\/es\/wp-json\/wp\/v2\/pages\/502"}],"wp:attachment":[{"href":"https:\/\/mycodedmind.com\/es\/wp-json\/wp\/v2\/media?parent=505"}],"curies":[{"name":"wp","href":"https:\/\/api.w.org\/{rel}","templated":true}]}}