{"id":508,"date":"2022-03-28T18:04:19","date_gmt":"2022-03-28T18:04:19","guid":{"rendered":"http:\/\/localhost:8888\/MyCodedMind\/?page_id=474"},"modified":"2022-07-21T16:55:51","modified_gmt":"2022-07-21T16:55:51","slug":"service-communication-strategies","status":"publish","type":"page","link":"https:\/\/mycodedmind.com\/es\/services\/service-communication-strategies\/","title":{"rendered":"Estrategia Comunicacional"},"content":{"rendered":"<div class=\"wp-block-columns row-service-heading is-layout-flex wp-container-core-columns-is-layout-9d6595d7 wp-block-columns-is-layout-flex\">\n<div class=\"wp-block-column column-service-heading-img is-layout-flow wp-block-column-is-layout-flow\" style=\"flex-basis:16%\">\n<figure class=\"wp-block-image size-full\"><img loading=\"lazy\" decoding=\"async\" width=\"512\" height=\"512\" src=\"https:\/\/mycodedmind.com\/wp-content\/uploads\/2022\/03\/service-communication-strategies.webp\" alt=\"\" class=\"wp-image-544\" srcset=\"https:\/\/mycodedmind.com\/wp-content\/uploads\/2022\/03\/service-communication-strategies.webp 512w, https:\/\/mycodedmind.com\/wp-content\/uploads\/2022\/03\/service-communication-strategies-300x300.webp 300w, https:\/\/mycodedmind.com\/wp-content\/uploads\/2022\/03\/service-communication-strategies-150x150.webp 150w, https:\/\/mycodedmind.com\/wp-content\/uploads\/2022\/03\/service-communication-strategies-12x12.webp 12w\" sizes=\"auto, (max-width: 512px) 100vw, 512px\" \/><\/figure>\n<\/div>\n\n\n\n<div class=\"wp-block-column column-service-heading-text is-layout-flow wp-block-column-is-layout-flow\" style=\"flex-basis:84%\">\n<h1>Te ayudamos a conectar con tu p\u00fablico objetivo<\/h1>\n\n\n\n<div class=\"wp-block-buttons is-layout-flex wp-block-buttons-is-layout-flex\">\n<div class=\"wp-block-button is-style-outline btn-outline-light is-style-outline--1\"><a class=\"wp-block-button__link\" href=\"https:\/\/mycodedmind.com\/es\/contact\/\" style=\"border-radius:10px\">Let&#8217;s talk <i class=\"fas fa-arrow-right color-secondary ml-2\"><\/i><\/a><\/div>\n<\/div>\n<\/div>\n<\/div>\n\n\n\n<div style=\"height:32px\" aria-hidden=\"true\" class=\"wp-block-spacer\"><\/div>\n\n\n\n<p>Te ayudamos a conectar con tu p\u00fablico objetivo.<\/p>\n\n\n\n<div style=\"height:32px\" aria-hidden=\"true\" class=\"wp-block-spacer\"><\/div>\n\n\n\n<p>Te guiamos para que alcances los objetivos de tu organizaci\u00f3n a trav\u00e9s de estrategias de comunicaci\u00f3n enfocadas a resultados. Te ayudamos a identificar a tus consumidores objetivo, dise\u00f1ar una mejor manera de hacer llegar tu mensaje a trav\u00e9s de los mejores y m\u00e1s adecuados canales digitales.<\/p>\n\n\n\n<div style=\"height:48px\" aria-hidden=\"true\" class=\"wp-block-spacer\"><\/div>\n\n\n\n<h2 class=\"subtitle-services\">Soluciones en estrategia comunicacional:<\/h2>\n\n\n\n<div style=\"height:32px\" aria-hidden=\"true\" class=\"wp-block-spacer\"><\/div>\n\n\n\n<div class=\"wp-block-group div-content-proccess\"><div class=\"wp-block-group__inner-container is-layout-flow wp-block-group-is-layout-flow\">\n<div class=\"wp-block-columns is-layout-flex wp-container-core-columns-is-layout-9d6595d7 wp-block-columns-is-layout-flex\">\n<div class=\"wp-block-column is-layout-flow wp-block-column-is-layout-flow\">\n<p>Planificaci\u00f3n de comunicaci\u00f3n<\/p>\n\n\n\n<p>Creaci\u00f3n de contenido<\/p>\n\n\n\n<p>Copywriting<\/p>\n<\/div>\n\n\n\n<div class=\"wp-block-column is-layout-flow wp-block-column-is-layout-flow\">\n<p>SEO y SEM<\/p>\n\n\n\n<p>Campa\u00f1as de anuncios<\/p>\n\n\n\n<p>Online Reputation Management<\/p>\n<\/div>\n<\/div>\n<\/div><\/div>\n\n\n\n<div style=\"height:48px\" aria-hidden=\"true\" class=\"wp-block-spacer\"><\/div>\n\n\n\n<h2 class=\"subtitle-services\">Nuestro proceso creativo<\/h2>\n\n\n\n<div style=\"height:48px\" aria-hidden=\"true\" class=\"wp-block-spacer\"><\/div>\n\n\n\n<div class=\"wp-block-image hide-responsive-sm hide-responsive-md\"><figure class=\"aligncenter size-large is-resized\"><img loading=\"lazy\" decoding=\"async\" src=\"https:\/\/mycodedmind.com\/wp-content\/uploads\/2022\/04\/branding-process-es.webp\" alt=\"\" class=\"wp-image-649\" width=\"768\" height=\"417\" srcset=\"https:\/\/mycodedmind.com\/wp-content\/uploads\/2022\/04\/branding-process-es.webp 882w, https:\/\/mycodedmind.com\/wp-content\/uploads\/2022\/04\/branding-process-es-300x163.webp 300w, https:\/\/mycodedmind.com\/wp-content\/uploads\/2022\/04\/branding-process-es-768x417.webp 768w, https:\/\/mycodedmind.com\/wp-content\/uploads\/2022\/04\/branding-process-es-18x10.webp 18w\" sizes=\"auto, (max-width: 768px) 100vw, 768px\" \/><\/figure><\/div>\n\n\n\n<div class=\"wp-block-image show-responsive-sm show-responsive-md\"><figure class=\"aligncenter size-large is-resized\"><img loading=\"lazy\" decoding=\"async\" src=\"https:\/\/mycodedmind.com\/wp-content\/uploads\/2022\/04\/branding-process-1-580x1024.webp\" alt=\"\" class=\"wp-image-648\" width=\"435\" height=\"768\" srcset=\"https:\/\/mycodedmind.com\/wp-content\/uploads\/2022\/04\/branding-process-1-580x1024.webp 580w, https:\/\/mycodedmind.com\/wp-content\/uploads\/2022\/04\/branding-process-1-170x300.webp 170w, https:\/\/mycodedmind.com\/wp-content\/uploads\/2022\/04\/branding-process-1-768x1355.webp 768w, https:\/\/mycodedmind.com\/wp-content\/uploads\/2022\/04\/branding-process-1-871x1536.webp 871w, https:\/\/mycodedmind.com\/wp-content\/uploads\/2022\/04\/branding-process-1-7x12.webp 7w, https:\/\/mycodedmind.com\/wp-content\/uploads\/2022\/04\/branding-process-1.webp 955w\" sizes=\"auto, (max-width: 435px) 100vw, 435px\" \/><\/figure><\/div>\n\n\n\n<div style=\"height:48px\" aria-hidden=\"true\" class=\"wp-block-spacer\"><\/div>","protected":false},"excerpt":{"rendered":"<p>We help you create connections with your target public We help you connect with your target audience. We guide you to acomplish your organization goals through communication strategies focused on results. We help you identify your target consumers, design a better way to let your message get to them using the best and most suitable [&hellip;]<\/p>","protected":false},"author":1,"featured_media":0,"parent":502,"menu_order":0,"comment_status":"closed","ping_status":"closed","template":"","meta":{"content-type":"","footnotes":""},"class_list":["post-508","page","type-page","status-publish","hentry"],"yoast_head":"<!-- This site is optimized with the Yoast SEO plugin v21.8 - https:\/\/yoast.com\/wordpress\/plugins\/seo\/ -->\n<title>Communication strategies - MyCodedMind<\/title>\n<meta name=\"robots\" content=\"index, follow, max-snippet:-1, max-image-preview:large, max-video-preview:-1\" \/>\n<link rel=\"canonical\" href=\"https:\/\/mycodedmind.com\/es\/services\/service-communication-strategies\/\" \/>\n<meta property=\"og:locale\" content=\"es_ES\" \/>\n<meta property=\"og:type\" content=\"article\" \/>\n<meta property=\"og:title\" content=\"Communication strategies - MyCodedMind\" \/>\n<meta property=\"og:description\" content=\"We help you create connections with your target public We help you connect with your target audience. We guide you to acomplish your organization goals through communication strategies focused on results. We help you identify your target consumers, design a better way to let your message get to them using the best and most suitable [&hellip;]\" \/>\n<meta property=\"og:url\" content=\"https:\/\/mycodedmind.com\/es\/services\/service-communication-strategies\/\" \/>\n<meta property=\"og:site_name\" content=\"MyCodedMind\" \/>\n<meta property=\"article:publisher\" content=\"https:\/\/www.facebook.com\/mcmcuenca\" \/>\n<meta property=\"article:modified_time\" content=\"2022-07-21T16:55:51+00:00\" \/>\n<meta property=\"og:image\" content=\"https:\/\/mycodedmind.com\/wp-content\/uploads\/2022\/03\/service-communication-strategies.webp\" \/>\n<meta name=\"twitter:card\" content=\"summary_large_image\" \/>\n<script type=\"application\/ld+json\" class=\"yoast-schema-graph\">{\"@context\":\"https:\/\/schema.org\",\"@graph\":[{\"@type\":\"WebPage\",\"@id\":\"https:\/\/mycodedmind.com\/services\/service-communication-strategies\/\",\"url\":\"https:\/\/mycodedmind.com\/services\/service-communication-strategies\/\",\"name\":\"Communication strategies - MyCodedMind\",\"isPartOf\":{\"@id\":\"https:\/\/mycodedmind.com\/#website\"},\"datePublished\":\"2022-03-28T18:04:19+00:00\",\"dateModified\":\"2022-07-21T16:55:51+00:00\",\"breadcrumb\":{\"@id\":\"https:\/\/mycodedmind.com\/services\/service-communication-strategies\/#breadcrumb\"},\"inLanguage\":\"es\",\"potentialAction\":[{\"@type\":\"ReadAction\",\"target\":[\"https:\/\/mycodedmind.com\/services\/service-communication-strategies\/\"]}]},{\"@type\":\"BreadcrumbList\",\"@id\":\"https:\/\/mycodedmind.com\/services\/service-communication-strategies\/#breadcrumb\",\"itemListElement\":[{\"@type\":\"ListItem\",\"position\":1,\"name\":\"Home\",\"item\":\"https:\/\/mycodedmind.com\/\"},{\"@type\":\"ListItem\",\"position\":2,\"name\":\"Our Services\",\"item\":\"https:\/\/mycodedmind.com\/services\/\"},{\"@type\":\"ListItem\",\"position\":3,\"name\":\"Communication strategies\"}]},{\"@type\":\"WebSite\",\"@id\":\"https:\/\/mycodedmind.com\/#website\",\"url\":\"https:\/\/mycodedmind.com\/\",\"name\":\"MyCodedMind\",\"description\":\"Software Factory with Creative Inspiration\",\"publisher\":{\"@id\":\"https:\/\/mycodedmind.com\/#organization\"},\"potentialAction\":[{\"@type\":\"SearchAction\",\"target\":{\"@type\":\"EntryPoint\",\"urlTemplate\":\"https:\/\/mycodedmind.com\/?s={search_term_string}\"},\"query-input\":\"required name=search_term_string\"}],\"inLanguage\":\"es\"},{\"@type\":\"Organization\",\"@id\":\"https:\/\/mycodedmind.com\/#organization\",\"name\":\"My Coded Mind\",\"url\":\"https:\/\/mycodedmind.com\/\",\"logo\":{\"@type\":\"ImageObject\",\"inLanguage\":\"es\",\"@id\":\"https:\/\/mycodedmind.com\/#\/schema\/logo\/image\/\",\"url\":\"https:\/\/mycodedmind.com\/wp-content\/uploads\/2022\/04\/logo-mcm.webp\",\"contentUrl\":\"https:\/\/mycodedmind.com\/wp-content\/uploads\/2022\/04\/logo-mcm.webp\",\"width\":150,\"height\":150,\"caption\":\"My Coded Mind\"},\"image\":{\"@id\":\"https:\/\/mycodedmind.com\/#\/schema\/logo\/image\/\"},\"sameAs\":[\"https:\/\/www.facebook.com\/mcmcuenca\",\"https:\/\/www.instagram.com\/mycodedmind\/?hl=es-la\",\"https:\/\/vm.tiktok.com\/ZMLMgeEGg\/\",\"https:\/\/www.behance.net\/mycodedmind\",\"https:\/\/www.linkedin.com\/company\/mycodedmind\"]}]}<\/script>\n<!-- \/ Yoast SEO plugin. -->","yoast_head_json":{"title":"Communication strategies - MyCodedMind","robots":{"index":"index","follow":"follow","max-snippet":"max-snippet:-1","max-image-preview":"max-image-preview:large","max-video-preview":"max-video-preview:-1"},"canonical":"https:\/\/mycodedmind.com\/es\/services\/service-communication-strategies\/","og_locale":"es_ES","og_type":"article","og_title":"Communication strategies - MyCodedMind","og_description":"We help you create connections with your target public We help you connect with your target audience. We guide you to acomplish your organization goals through communication strategies focused on results. We help you identify your target consumers, design a better way to let your message get to them using the best and most suitable [&hellip;]","og_url":"https:\/\/mycodedmind.com\/es\/services\/service-communication-strategies\/","og_site_name":"MyCodedMind","article_publisher":"https:\/\/www.facebook.com\/mcmcuenca","article_modified_time":"2022-07-21T16:55:51+00:00","og_image":[{"url":"https:\/\/mycodedmind.com\/wp-content\/uploads\/2022\/03\/service-communication-strategies.webp"}],"twitter_card":"summary_large_image","schema":{"@context":"https:\/\/schema.org","@graph":[{"@type":"WebPage","@id":"https:\/\/mycodedmind.com\/services\/service-communication-strategies\/","url":"https:\/\/mycodedmind.com\/services\/service-communication-strategies\/","name":"Communication strategies - MyCodedMind","isPartOf":{"@id":"https:\/\/mycodedmind.com\/#website"},"datePublished":"2022-03-28T18:04:19+00:00","dateModified":"2022-07-21T16:55:51+00:00","breadcrumb":{"@id":"https:\/\/mycodedmind.com\/services\/service-communication-strategies\/#breadcrumb"},"inLanguage":"es","potentialAction":[{"@type":"ReadAction","target":["https:\/\/mycodedmind.com\/services\/service-communication-strategies\/"]}]},{"@type":"BreadcrumbList","@id":"https:\/\/mycodedmind.com\/services\/service-communication-strategies\/#breadcrumb","itemListElement":[{"@type":"ListItem","position":1,"name":"Home","item":"https:\/\/mycodedmind.com\/"},{"@type":"ListItem","position":2,"name":"Our Services","item":"https:\/\/mycodedmind.com\/services\/"},{"@type":"ListItem","position":3,"name":"Communication strategies"}]},{"@type":"WebSite","@id":"https:\/\/mycodedmind.com\/#website","url":"https:\/\/mycodedmind.com\/","name":"MyCodedMind","description":"Software Factory with Creative Inspiration","publisher":{"@id":"https:\/\/mycodedmind.com\/#organization"},"potentialAction":[{"@type":"SearchAction","target":{"@type":"EntryPoint","urlTemplate":"https:\/\/mycodedmind.com\/?s={search_term_string}"},"query-input":"required name=search_term_string"}],"inLanguage":"es"},{"@type":"Organization","@id":"https:\/\/mycodedmind.com\/#organization","name":"My Coded Mind","url":"https:\/\/mycodedmind.com\/","logo":{"@type":"ImageObject","inLanguage":"es","@id":"https:\/\/mycodedmind.com\/#\/schema\/logo\/image\/","url":"https:\/\/mycodedmind.com\/wp-content\/uploads\/2022\/04\/logo-mcm.webp","contentUrl":"https:\/\/mycodedmind.com\/wp-content\/uploads\/2022\/04\/logo-mcm.webp","width":150,"height":150,"caption":"My Coded Mind"},"image":{"@id":"https:\/\/mycodedmind.com\/#\/schema\/logo\/image\/"},"sameAs":["https:\/\/www.facebook.com\/mcmcuenca","https:\/\/www.instagram.com\/mycodedmind\/?hl=es-la","https:\/\/vm.tiktok.com\/ZMLMgeEGg\/","https:\/\/www.behance.net\/mycodedmind","https:\/\/www.linkedin.com\/company\/mycodedmind"]}]}},"_links":{"self":[{"href":"https:\/\/mycodedmind.com\/es\/wp-json\/wp\/v2\/pages\/508","targetHints":{"allow":["GET"]}}],"collection":[{"href":"https:\/\/mycodedmind.com\/es\/wp-json\/wp\/v2\/pages"}],"about":[{"href":"https:\/\/mycodedmind.com\/es\/wp-json\/wp\/v2\/types\/page"}],"author":[{"embeddable":true,"href":"https:\/\/mycodedmind.com\/es\/wp-json\/wp\/v2\/users\/1"}],"replies":[{"embeddable":true,"href":"https:\/\/mycodedmind.com\/es\/wp-json\/wp\/v2\/comments?post=508"}],"version-history":[{"count":9,"href":"https:\/\/mycodedmind.com\/es\/wp-json\/wp\/v2\/pages\/508\/revisions"}],"predecessor-version":[{"id":678,"href":"https:\/\/mycodedmind.com\/es\/wp-json\/wp\/v2\/pages\/508\/revisions\/678"}],"up":[{"embeddable":true,"href":"https:\/\/mycodedmind.com\/es\/wp-json\/wp\/v2\/pages\/502"}],"wp:attachment":[{"href":"https:\/\/mycodedmind.com\/es\/wp-json\/wp\/v2\/media?parent=508"}],"curies":[{"name":"wp","href":"https:\/\/api.w.org\/{rel}","templated":true}]}}